{"id":7462,"date":"2025-05-19T19:45:59","date_gmt":"2025-05-19T23:45:59","guid":{"rendered":"https:\/\/ecoleartsutton.ca\/programming\/form-cultural-outings\/"},"modified":"2026-02-27T11:10:26","modified_gmt":"2026-02-27T16:10:26","slug":"form-cultural-outings","status":"publish","type":"page","link":"https:\/\/ecoleartsutton.ca\/en\/programming\/form-cultural-outings\/","title":{"rendered":"Form &#8211; Cultural outings"},"content":{"rendered":"\n\n\t\t\t\t\t\t\t\u00ab\u00a0*\u00a0\u00bb indique les champs n\u00e9cessaires\n                        <form method='post' enctype='multipart\/form-data' target='gform_ajax_frame_82' id='gform_82'  action='\/?page_id=6238&#038;fl_builder#gf_82' data-formid='82' novalidate>\n                        <h3>Contact<\/h3><label class='gfield_label gform-field-label' for='input_82_3'>Nom de l&#8217;\u00e9tablissement*<\/label><input name='input_3' id='input_82_3' type='text' value='' class='large'     aria-required=\"true\" aria-invalid=\"false\"   \/><fieldset id=\"field_82_4\"><legend class='gfield_label gform-field-label'>Type d&#8217;\u00e9tablissement*<\/legend>\n\t\t\t\t\t<input class='gfield-choice-input' name='input_4' type='radio' value='Scolaire'  id='choice_82_4_0' onchange='gformToggleRadioOther( this )'    \/>\n\t\t\t\t\t<label for='choice_82_4_0' id='label_82_4_0' class='gform-field-label gform-field-label--type-inline'>Scolaire<\/label>\n\t\t\t\t\t<input class='gfield-choice-input' name='input_4' type='radio' value='\u00c9ducation \u00e0 la petite enfance'  id='choice_82_4_1' onchange='gformToggleRadioOther( this )'    \/>\n\t\t\t\t\t<label for='choice_82_4_1' id='label_82_4_1' class='gform-field-label gform-field-label--type-inline'>\u00c9ducation \u00e0 la petite enfance<\/label>\n\t\t\t\t\t<input class='gfield-choice-input' name='input_4' type='radio' value='Communautaire'  id='choice_82_4_2' onchange='gformToggleRadioOther( this )'    \/>\n\t\t\t\t\t<label for='choice_82_4_2' id='label_82_4_2' class='gform-field-label gform-field-label--type-inline'>Communautaire<\/label>\n\t\t\t\t\t<input class='gfield-choice-input' name='input_4' type='radio' value='gf_other_choice'  id='choice_82_4_3' onchange='gformToggleRadioOther( this )'    \/>\n\t\t\t\t\t<label for='choice_82_4_3' id='label_82_4_3' class='gform-field-label gform-field-label--type-inline'>Autre<\/label><br \/><input id='input_82_4_other' class='gchoice_other_control' name='input_4_other' type='text' value='Autre' aria-label='Autre choix, veuillez sp\u00e9cifier'  disabled='disabled' \/>\n\t\t\t<\/fieldset><fieldset id=\"field_82_5\"><legend class='gfield_label gform-field-label gfield_label_before_complex'>Nom de la personne contact<\/legend>\n                                                    <input type='text' name='input_5.3' id='input_82_5_3' value=''   aria-required='false'     \/>\n                                                    <label for='input_82_5_3' class='gform-field-label gform-field-label--type-sub '>Pr\u00e9nom<\/label>\n                                                    <input type='text' name='input_5.6' id='input_82_5_6' value=''   aria-required='false'     \/>\n                                                    <label for='input_82_5_6' class='gform-field-label gform-field-label--type-sub '>Nom<\/label>\n                        <\/fieldset><label class='gfield_label gform-field-label' for='input_82_6'>Titre de la personne contact au niveau de l&#8217;organisation<\/label>(ex.: enseignant en arts plastiques)<input name='input_6' id='input_82_6' type='text' value='' class='large'  aria-describedby=\"gfield_description_82_6\"    aria-invalid=\"false\"   \/><label class='gfield_label gform-field-label' for='input_82_7'>Adresse courriel de la personne contact*<\/label>\n                            <input name='input_7' id='input_82_7' type='email' value='' class='medium'    aria-required=\"true\" aria-invalid=\"false\"  \/>\n                        <label class='gfield_label gform-field-label' for='input_82_10'>T\u00e9l\u00e9phone (1) de la personne contact*<\/label><input name='input_10' id='input_82_10' type='text' value='' class='large'     aria-required=\"true\" aria-invalid=\"false\"   \/><label class='gfield_label gform-field-label' for='input_82_11'>T\u00e9l\u00e9phone (2) de la personne contact<\/label><input name='input_11' id='input_82_11' type='text' value='' class='large'      aria-invalid=\"false\"   \/><label class='gfield_label gform-field-label' for='input_82_12'>Moment privil\u00e9gi\u00e9 pour vous rejoindre<\/label><input name='input_12' id='input_82_12' type='text' value='' class='large'      aria-invalid=\"false\"   \/><label class='gfield_label gform-field-label' for='input_82_13'>Comment avez-vous entendu parler de nous?<\/label><input name='input_13' id='input_82_13' type='text' value='' class='large'      aria-invalid=\"false\"   \/><h3>Planification<\/h3><label class='gfield_label gform-field-label' for='input_82_15'>Description de la client\u00e8le*<\/label>(\u00e2ge, milieu, profil, etc.)<textarea name='input_15' id='input_82_15' class='textarea medium'  aria-describedby=\"gfield_description_82_15\"   aria-required=\"true\" aria-invalid=\"false\"   rows='10' cols='50'><\/textarea><label class='gfield_label gform-field-label' for='input_82_16'>Nombre de personnes visiteurs*<\/label><input name='input_16' id='input_82_16' type='text' value='' class='large'     aria-required=\"true\" aria-invalid=\"false\"   \/><label class='gfield_label gform-field-label' for='input_82_17'>Budget disponible*<\/label><input name='input_17' id='input_82_17' type='text' value='' class='large'     aria-required=\"true\" aria-invalid=\"false\"   \/><fieldset id=\"field_82_19\"><legend class='gfield_label gform-field-label gfield_label_before_complex'>Int\u00e9r\u00eat pour les \u00e9l\u00e9ments de la programmation*<\/legend>\n\t\t\t\t\t\t\t\t<input class='gfield-choice-input' name='input_19.1' type='checkbox'  value='Printemps de l'architecture'  id='choice_82_19_1'   \/>\n\t\t\t\t\t\t\t\t<label for='choice_82_19_1' id='label_82_19_1' class='gform-field-label gform-field-label--type-inline'>Printemps de l&#8217;architecture<\/label>\n\t\t\t\t\t\t\t\t<input class='gfield-choice-input' name='input_19.2' type='checkbox'  value='Grande exposition de l'automne'  id='choice_82_19_2'   \/>\n\t\t\t\t\t\t\t\t<label for='choice_82_19_2' id='label_82_19_2' class='gform-field-label gform-field-label--type-inline'>Grande exposition de l&#8217;automne<\/label>\n\t\t\t\t\t\t\t\t<input class='gfield-choice-input' name='input_19.3' type='checkbox'  value='Labo d'art'  id='choice_82_19_3'   \/>\n\t\t\t\t\t\t\t\t<label for='choice_82_19_3' id='label_82_19_3' class='gform-field-label gform-field-label--type-inline'>Labo d&#8217;art<\/label>\n\t\t\t\t\t\t\t\t<input class='gfield-choice-input' name='input_19.4' type='checkbox'  value='Journ\u00e9es de la culture'  id='choice_82_19_4'   \/>\n\t\t\t\t\t\t\t\t<label for='choice_82_19_4' id='label_82_19_4' class='gform-field-label gform-field-label--type-inline'>Journ\u00e9es de la culture<\/label>\n\t\t\t\t\t\t\t\t<input class='gfield-choice-input' name='input_19.5' type='checkbox'  value='Petit salon du livre'  id='choice_82_19_5'   \/>\n\t\t\t\t\t\t\t\t<label for='choice_82_19_5' id='label_82_19_5' class='gform-field-label gform-field-label--type-inline'>Petit salon du livre<\/label>\n\t\t\t\t\t\t\t\t<input class='gfield-choice-input' name='input_19.6' type='checkbox'  value='Nocturnes'  id='choice_82_19_6'   \/>\n\t\t\t\t\t\t\t\t<label for='choice_82_19_6' id='label_82_19_6' class='gform-field-label gform-field-label--type-inline'>Nocturnes<\/label>\n\t\t\t\t\t\t\t<\/fieldset><label class='gfield_label gform-field-label' for='input_82_21'>Pr\u00e9cision de la demande<\/label><textarea name='input_21' id='input_82_21' class='textarea small'      aria-invalid=\"false\"   rows='10' cols='50'><\/textarea><label class='gfield_label gform-field-label' for='input_82_22'>Dates sugg\u00e9r\u00e9es<\/label><input name='input_22' id='input_82_22' type='text' value='' class='large'      aria-invalid=\"false\"   \/><label class='gfield_label gform-field-label' for='input_82_23'>Heures sugg\u00e9r\u00e9es<\/label>(Plage horaire sp\u00e9cifique, AM, PM, etc.)<input name='input_23' id='input_82_23' type='text' value='' class='large'  aria-describedby=\"gfield_description_82_23\"    aria-invalid=\"false\"   \/><label class='gfield_label gform-field-label' for='input_82_24'>Allergies ou autres informations importantes \u00e0 transmettre \u00e0 l&#039;organisateur en vue de la visite<\/label><textarea name='input_24' id='input_82_24' class='textarea small'      aria-invalid=\"false\"   rows='10' cols='50'><\/textarea>\n         <input type='submit' id='gform_submit_button_82' class='gform_button button' onclick='gform.submission.handleButtonClick(this);' data-submission-type='submit' value='Envoyer'  \/> <input type='hidden' name='gform_ajax' value='form_id=82&amp;title=&amp;description=&amp;tabindex=0&amp;theme=gravity-theme&amp;styles=[]&amp;hash=7f7bd3ddaf6cedd2361449328fb3e1db' \/>\n            <input type='hidden' class='gform_hidden' name='gform_submission_method' data-js='gform_submission_method_82' value='iframe' \/>\n            <input type='hidden' class='gform_hidden' name='gform_theme' data-js='gform_theme_82' id='gform_theme_82' value='gravity-theme' \/>\n            <input type='hidden' class='gform_hidden' name='gform_style_settings' data-js='gform_style_settings_82' id='gform_style_settings_82' value='[]' \/>\n            <input type='hidden' class='gform_hidden' name='is_submit_82' value='1' \/>\n            <input type='hidden' class='gform_hidden' name='gform_submit' value='82' \/>\n            <input type='hidden' class='gform_hidden' name='gform_unique_id' value='' \/>\n            <input type='hidden' class='gform_hidden' name='state_82' value='WyJ7XCI0XCI6W1wiN2RlMjMwNWJlNWZkMmZkMjMzYWJmZGYwYjBjOGNjYjNcIixcIjQyNzVjY2UzNGNiMTViMmVhYTQ1MTI5YWE1Mzg0MmMxXCIsXCI0MjcwYjkxMTkzYmM2NjllNTFkNTJjY2MwNDVhM2Y4ZFwiXSxcIjE5LjFcIjpcIjU0OGUwMTU5MTEwOTBhOTI0ZTI1ZGY1MDM4NzQyMTY0XCIsXCIxOS4yXCI6XCJjOWM4ZjAwMTI5ODQ4ZTE5OGI3NDBjYzhlZjQxOGQ5YVwiLFwiMTkuM1wiOlwiODg2MTU2MTFhMmU3NDQzMWZkM2Y0YzI5YWUyNTc4MGRcIixcIjE5LjRcIjpcImFmNjRjMTBhMWQ3Y2JkOTRhZjg2MzI2ZDUyODVkYzAzXCIsXCIxOS41XCI6XCJiNGNiNjE3ZDkyNTAxYTlmMWZiN2ZjNTIxNzZjNmUzN1wiLFwiMTkuNlwiOlwiMjI5NTRjNzMxY2MxOTczNzQ2ZWM5YmFhNTRlZjJmNjhcIn0iLCJiNDdjMzA3YWEyM2Q5MGViY2ExMjIwZWEzNjczZDkwZCJd' \/>\n            <input type='hidden' autocomplete='off' class='gform_hidden' name='gform_target_page_number_82' id='gform_target_page_number_82' value='0' \/>\n            <input type='hidden' autocomplete='off' class='gform_hidden' name='gform_source_page_number_82' id='gform_source_page_number_82' value='1' \/>\n            <input type='hidden' name='gform_field_values' value='' \/>\n                        <\/form>\n\t\t                <iframe style='display:none;width:0px;height:0px;' src='about:blank' name='gform_ajax_frame_82' id='gform_ajax_frame_82' title='Cette iframe contient la logique n\u00e9cessaire pour manipuler Gravity Forms avec Ajax.'><\/iframe>\n\n","protected":false},"excerpt":{"rendered":"<p>\u00ab\u00a0*\u00a0\u00bb indique les champs n\u00e9cessaires Contact Nom de l&#8217;\u00e9tablissement* Type d&#8217;\u00e9tablissement* Scolaire \u00c9ducation \u00e0 la petite enfance Communautaire Autre Nom de la personne contact Pr\u00e9nom Nom Titre de la personne contact au niveau de l&#8217;organisation(ex.: enseignant en arts plastiques)Adresse courriel de la personne contact* T\u00e9l\u00e9phone (1) de la personne contact*T\u00e9l\u00e9phone (2) de la personne contactMoment&hellip;<\/p>\n","protected":false},"author":3,"featured_media":0,"parent":4756,"menu_order":1,"comment_status":"closed","ping_status":"closed","template":"","meta":{"footnotes":""},"class_list":["post-7462","page","type-page","status-publish","hentry"],"yoast_head":"<!-- This site is optimized with the Yoast SEO plugin v27.3 - https:\/\/yoast.com\/product\/yoast-seo-wordpress\/ -->\n<title>Form - Cultural outings - \u00c9cole d\u2019art de Sutton<\/title>\n<meta name=\"robots\" content=\"index, follow, max-snippet:-1, max-image-preview:large, max-video-preview:-1\" \/>\n<link rel=\"canonical\" href=\"https:\/\/ecoleartsutton.ca\/en\/programming\/form-cultural-outings\/\" \/>\n<meta property=\"og:locale\" content=\"en_US\" \/>\n<meta property=\"og:type\" content=\"article\" \/>\n<meta property=\"og:title\" content=\"Form - Cultural outings - \u00c9cole d\u2019art de Sutton\" \/>\n<meta property=\"og:description\" content=\"\u00ab\u00a0*\u00a0\u00bb indique les champs n\u00e9cessaires Contact Nom de l&#8217;\u00e9tablissement* Type d&#8217;\u00e9tablissement* Scolaire \u00c9ducation \u00e0 la petite enfance Communautaire Autre Nom de la personne contact Pr\u00e9nom Nom Titre de la personne contact au niveau de l&#8217;organisation(ex.: enseignant en arts plastiques)Adresse courriel de la personne contact* T\u00e9l\u00e9phone (1) de la personne contact*T\u00e9l\u00e9phone (2) de la personne contactMoment&hellip;\" \/>\n<meta property=\"og:url\" content=\"https:\/\/ecoleartsutton.ca\/en\/programming\/form-cultural-outings\/\" \/>\n<meta property=\"og:site_name\" content=\"\u00c9cole d\u2019art de Sutton\" \/>\n<meta property=\"article:modified_time\" content=\"2026-02-27T16:10:26+00:00\" \/>\n<meta name=\"twitter:card\" content=\"summary_large_image\" \/>\n<script type=\"application\/ld+json\" class=\"yoast-schema-graph\">{\"@context\":\"https:\\\/\\\/schema.org\",\"@graph\":[{\"@type\":\"WebPage\",\"@id\":\"https:\\\/\\\/ecoleartsutton.ca\\\/en\\\/programming\\\/form-cultural-outings\\\/\",\"url\":\"https:\\\/\\\/ecoleartsutton.ca\\\/en\\\/programming\\\/form-cultural-outings\\\/\",\"name\":\"Form - Cultural outings - \u00c9cole d\u2019art de Sutton\",\"isPartOf\":{\"@id\":\"https:\\\/\\\/ecoleartsutton.ca\\\/en\\\/#website\"},\"datePublished\":\"2025-05-19T23:45:59+00:00\",\"dateModified\":\"2026-02-27T16:10:26+00:00\",\"breadcrumb\":{\"@id\":\"https:\\\/\\\/ecoleartsutton.ca\\\/en\\\/programming\\\/form-cultural-outings\\\/#breadcrumb\"},\"inLanguage\":\"en-US\",\"potentialAction\":[{\"@type\":\"ReadAction\",\"target\":[\"https:\\\/\\\/ecoleartsutton.ca\\\/en\\\/programming\\\/form-cultural-outings\\\/\"]}]},{\"@type\":\"BreadcrumbList\",\"@id\":\"https:\\\/\\\/ecoleartsutton.ca\\\/en\\\/programming\\\/form-cultural-outings\\\/#breadcrumb\",\"itemListElement\":[{\"@type\":\"ListItem\",\"position\":1,\"name\":\"Accueil\",\"item\":\"https:\\\/\\\/ecoleartsutton.ca\\\/en\\\/\"},{\"@type\":\"ListItem\",\"position\":2,\"name\":\"Programming\",\"item\":\"https:\\\/\\\/ecoleartsutton.ca\\\/en\\\/programming\\\/\"},{\"@type\":\"ListItem\",\"position\":3,\"name\":\"Form &#8211; Cultural outings\"}]},{\"@type\":\"WebSite\",\"@id\":\"https:\\\/\\\/ecoleartsutton.ca\\\/en\\\/#website\",\"url\":\"https:\\\/\\\/ecoleartsutton.ca\\\/en\\\/\",\"name\":\"\u00c9cole d\u2019art de Sutton\",\"description\":\"\",\"potentialAction\":[{\"@type\":\"SearchAction\",\"target\":{\"@type\":\"EntryPoint\",\"urlTemplate\":\"https:\\\/\\\/ecoleartsutton.ca\\\/en\\\/?s={search_term_string}\"},\"query-input\":{\"@type\":\"PropertyValueSpecification\",\"valueRequired\":true,\"valueName\":\"search_term_string\"}}],\"inLanguage\":\"en-US\"}]}<\/script>\n<!-- \/ Yoast SEO plugin. -->","yoast_head_json":{"title":"Form - Cultural outings - \u00c9cole d\u2019art de Sutton","robots":{"index":"index","follow":"follow","max-snippet":"max-snippet:-1","max-image-preview":"max-image-preview:large","max-video-preview":"max-video-preview:-1"},"canonical":"https:\/\/ecoleartsutton.ca\/en\/programming\/form-cultural-outings\/","og_locale":"en_US","og_type":"article","og_title":"Form - Cultural outings - \u00c9cole d\u2019art de Sutton","og_description":"\u00ab\u00a0*\u00a0\u00bb indique les champs n\u00e9cessaires Contact Nom de l&#8217;\u00e9tablissement* Type d&#8217;\u00e9tablissement* Scolaire \u00c9ducation \u00e0 la petite enfance Communautaire Autre Nom de la personne contact Pr\u00e9nom Nom Titre de la personne contact au niveau de l&#8217;organisation(ex.: enseignant en arts plastiques)Adresse courriel de la personne contact* T\u00e9l\u00e9phone (1) de la personne contact*T\u00e9l\u00e9phone (2) de la personne contactMoment&hellip;","og_url":"https:\/\/ecoleartsutton.ca\/en\/programming\/form-cultural-outings\/","og_site_name":"\u00c9cole d\u2019art de Sutton","article_modified_time":"2026-02-27T16:10:26+00:00","twitter_card":"summary_large_image","schema":{"@context":"https:\/\/schema.org","@graph":[{"@type":"WebPage","@id":"https:\/\/ecoleartsutton.ca\/en\/programming\/form-cultural-outings\/","url":"https:\/\/ecoleartsutton.ca\/en\/programming\/form-cultural-outings\/","name":"Form - Cultural outings - \u00c9cole d\u2019art de Sutton","isPartOf":{"@id":"https:\/\/ecoleartsutton.ca\/en\/#website"},"datePublished":"2025-05-19T23:45:59+00:00","dateModified":"2026-02-27T16:10:26+00:00","breadcrumb":{"@id":"https:\/\/ecoleartsutton.ca\/en\/programming\/form-cultural-outings\/#breadcrumb"},"inLanguage":"en-US","potentialAction":[{"@type":"ReadAction","target":["https:\/\/ecoleartsutton.ca\/en\/programming\/form-cultural-outings\/"]}]},{"@type":"BreadcrumbList","@id":"https:\/\/ecoleartsutton.ca\/en\/programming\/form-cultural-outings\/#breadcrumb","itemListElement":[{"@type":"ListItem","position":1,"name":"Accueil","item":"https:\/\/ecoleartsutton.ca\/en\/"},{"@type":"ListItem","position":2,"name":"Programming","item":"https:\/\/ecoleartsutton.ca\/en\/programming\/"},{"@type":"ListItem","position":3,"name":"Form &#8211; Cultural outings"}]},{"@type":"WebSite","@id":"https:\/\/ecoleartsutton.ca\/en\/#website","url":"https:\/\/ecoleartsutton.ca\/en\/","name":"\u00c9cole d\u2019art de Sutton","description":"","potentialAction":[{"@type":"SearchAction","target":{"@type":"EntryPoint","urlTemplate":"https:\/\/ecoleartsutton.ca\/en\/?s={search_term_string}"},"query-input":{"@type":"PropertyValueSpecification","valueRequired":true,"valueName":"search_term_string"}}],"inLanguage":"en-US"}]}},"_links":{"self":[{"href":"https:\/\/ecoleartsutton.ca\/en\/wp-json\/wp\/v2\/pages\/7462","targetHints":{"allow":["GET"]}}],"collection":[{"href":"https:\/\/ecoleartsutton.ca\/en\/wp-json\/wp\/v2\/pages"}],"about":[{"href":"https:\/\/ecoleartsutton.ca\/en\/wp-json\/wp\/v2\/types\/page"}],"author":[{"embeddable":true,"href":"https:\/\/ecoleartsutton.ca\/en\/wp-json\/wp\/v2\/users\/3"}],"replies":[{"embeddable":true,"href":"https:\/\/ecoleartsutton.ca\/en\/wp-json\/wp\/v2\/comments?post=7462"}],"version-history":[{"count":3,"href":"https:\/\/ecoleartsutton.ca\/en\/wp-json\/wp\/v2\/pages\/7462\/revisions"}],"predecessor-version":[{"id":7465,"href":"https:\/\/ecoleartsutton.ca\/en\/wp-json\/wp\/v2\/pages\/7462\/revisions\/7465"}],"up":[{"embeddable":true,"href":"https:\/\/ecoleartsutton.ca\/en\/wp-json\/wp\/v2\/pages\/4756"}],"wp:attachment":[{"href":"https:\/\/ecoleartsutton.ca\/en\/wp-json\/wp\/v2\/media?parent=7462"}],"curies":[{"name":"wp","href":"https:\/\/api.w.org\/{rel}","templated":true}]}}