{"id":6522,"date":"2025-05-19T17:16:07","date_gmt":"2025-05-19T21:16:07","guid":{"rendered":"https:\/\/ecoleartsutton.ca\/programming\/cultural-field-trips\/"},"modified":"2026-02-27T11:03:25","modified_gmt":"2026-02-27T16:03:25","slug":"cultural-field-trips","status":"publish","type":"page","link":"https:\/\/ecoleartsutton.ca\/en\/programming\/cultural-field-trips\/","title":{"rendered":"Cultural field trips"},"content":{"rendered":"\n\n\t<h5>L&#8217;\u00c9cole d&#8217;art de Sutton (EAS) est un lieu de vie o\u00f9 l&#8217;art est un geste d&#8217;expression libre. Les pratiques artistiques se manifestent au quotidien \u00e0 travers des exp\u00e9riences uniques et des r\u00e9alisations collectives. Les explorations individuelles en art permettent non seulement la croissance personnelle, mais aussi des conversations sociales.<\/h5>\n<h5>\n\t\t\tChaque ann\u00e9e l&#8217;EAS accueille en ses murs pr\u00e8s de 1500 enfants, 200 artistes et 4000 visiteurs.\t<\/h5>\n<h2>\n\t\t\tProgrammation\t<\/h2>\n\t<h5>Planifier une activit\u00e9 dans le cadre des \u00e9l\u00e9ments de programmation de l&#8217;\u00c9cole d&#8217;art de Sutton.<\/h5>\n<ul>\n<li>L&#8217;Exposition Portes Ouvertes dans le cadre des Journ\u00e9es de la Culture : 26 septembre 2025, 29 septembre 2025 au 3 octobre 2025<\/li>\n<li>La Grande Exposition d&#8217;automne : 13 octobre 2025 au 14 novembre 2025<\/li>\n<li>Le Petit salon du livre : 8 d\u00e9cembre 2025 au 12 d\u00e9cembre 2025<\/li>\n<li>Les Printemps de l&#8217;architecture : 4 mai 2026 au 5 juin 2026<\/li>\n<\/ul>\n<h5><strong>Vous avez un projet sp\u00e9cifique ou une demande particuli\u00e8re ? Communiquez aupr\u00e8s de nous afin que nous puissions \u00e9laborer ensemble une activit\u00e9 sur mesure.<\/strong><\/h5>\n\n","protected":false},"excerpt":{"rendered":"<p>L&#8217;\u00c9cole d&#8217;art de Sutton (EAS) est un lieu de vie o\u00f9 l&#8217;art est un geste d&#8217;expression libre. Les pratiques artistiques se manifestent au quotidien \u00e0 travers des exp\u00e9riences uniques et des r\u00e9alisations collectives. Les explorations individuelles en art permettent non seulement la croissance personnelle, mais aussi des conversations sociales. Chaque ann\u00e9e l&#8217;EAS accueille en ses&hellip;<\/p>\n","protected":false},"author":3,"featured_media":0,"parent":4756,"menu_order":1,"comment_status":"closed","ping_status":"closed","template":"","meta":{"footnotes":""},"class_list":["post-6522","page","type-page","status-publish","hentry"],"yoast_head":"<!-- This site is optimized with the Yoast SEO plugin v27.3 - https:\/\/yoast.com\/product\/yoast-seo-wordpress\/ -->\n<title>Cultural field trips - \u00c9cole d\u2019art de Sutton<\/title>\n<meta name=\"robots\" content=\"index, follow, max-snippet:-1, max-image-preview:large, max-video-preview:-1\" \/>\n<link rel=\"canonical\" href=\"https:\/\/ecoleartsutton.ca\/en\/programming\/cultural-field-trips\/\" \/>\n<meta property=\"og:locale\" content=\"en_US\" \/>\n<meta property=\"og:type\" content=\"article\" \/>\n<meta property=\"og:title\" content=\"Cultural field trips - \u00c9cole d\u2019art de Sutton\" \/>\n<meta property=\"og:description\" content=\"L&#8217;\u00c9cole d&#8217;art de Sutton (EAS) est un lieu de vie o\u00f9 l&#8217;art est un geste d&#8217;expression libre. Les pratiques artistiques se manifestent au quotidien \u00e0 travers des exp\u00e9riences uniques et des r\u00e9alisations collectives. Les explorations individuelles en art permettent non seulement la croissance personnelle, mais aussi des conversations sociales. Chaque ann\u00e9e l&#8217;EAS accueille en ses&hellip;\" \/>\n<meta property=\"og:url\" content=\"https:\/\/ecoleartsutton.ca\/en\/programming\/cultural-field-trips\/\" \/>\n<meta property=\"og:site_name\" content=\"\u00c9cole d\u2019art de Sutton\" \/>\n<meta property=\"article:modified_time\" content=\"2026-02-27T16:03:25+00:00\" \/>\n<meta name=\"twitter:card\" content=\"summary_large_image\" \/>\n<meta name=\"twitter:label1\" content=\"Est. reading time\" \/>\n\t<meta name=\"twitter:data1\" content=\"3 minutes\" \/>\n<script type=\"application\/ld+json\" class=\"yoast-schema-graph\">{\"@context\":\"https:\\\/\\\/schema.org\",\"@graph\":[{\"@type\":\"WebPage\",\"@id\":\"https:\\\/\\\/ecoleartsutton.ca\\\/en\\\/programming\\\/cultural-field-trips\\\/\",\"url\":\"https:\\\/\\\/ecoleartsutton.ca\\\/en\\\/programming\\\/cultural-field-trips\\\/\",\"name\":\"Cultural field trips - \u00c9cole d\u2019art de Sutton\",\"isPartOf\":{\"@id\":\"https:\\\/\\\/ecoleartsutton.ca\\\/en\\\/#website\"},\"datePublished\":\"2025-05-19T21:16:07+00:00\",\"dateModified\":\"2026-02-27T16:03:25+00:00\",\"breadcrumb\":{\"@id\":\"https:\\\/\\\/ecoleartsutton.ca\\\/en\\\/programming\\\/cultural-field-trips\\\/#breadcrumb\"},\"inLanguage\":\"en-US\",\"potentialAction\":[{\"@type\":\"ReadAction\",\"target\":[\"https:\\\/\\\/ecoleartsutton.ca\\\/en\\\/programming\\\/cultural-field-trips\\\/\"]}]},{\"@type\":\"BreadcrumbList\",\"@id\":\"https:\\\/\\\/ecoleartsutton.ca\\\/en\\\/programming\\\/cultural-field-trips\\\/#breadcrumb\",\"itemListElement\":[{\"@type\":\"ListItem\",\"position\":1,\"name\":\"Accueil\",\"item\":\"https:\\\/\\\/ecoleartsutton.ca\\\/en\\\/\"},{\"@type\":\"ListItem\",\"position\":2,\"name\":\"Programming\",\"item\":\"https:\\\/\\\/ecoleartsutton.ca\\\/en\\\/programming\\\/\"},{\"@type\":\"ListItem\",\"position\":3,\"name\":\"Cultural field trips\"}]},{\"@type\":\"WebSite\",\"@id\":\"https:\\\/\\\/ecoleartsutton.ca\\\/en\\\/#website\",\"url\":\"https:\\\/\\\/ecoleartsutton.ca\\\/en\\\/\",\"name\":\"\u00c9cole d\u2019art de Sutton\",\"description\":\"\",\"potentialAction\":[{\"@type\":\"SearchAction\",\"target\":{\"@type\":\"EntryPoint\",\"urlTemplate\":\"https:\\\/\\\/ecoleartsutton.ca\\\/en\\\/?s={search_term_string}\"},\"query-input\":{\"@type\":\"PropertyValueSpecification\",\"valueRequired\":true,\"valueName\":\"search_term_string\"}}],\"inLanguage\":\"en-US\"}]}<\/script>\n<!-- \/ Yoast SEO plugin. -->","yoast_head_json":{"title":"Cultural field trips - \u00c9cole d\u2019art de Sutton","robots":{"index":"index","follow":"follow","max-snippet":"max-snippet:-1","max-image-preview":"max-image-preview:large","max-video-preview":"max-video-preview:-1"},"canonical":"https:\/\/ecoleartsutton.ca\/en\/programming\/cultural-field-trips\/","og_locale":"en_US","og_type":"article","og_title":"Cultural field trips - \u00c9cole d\u2019art de Sutton","og_description":"L&#8217;\u00c9cole d&#8217;art de Sutton (EAS) est un lieu de vie o\u00f9 l&#8217;art est un geste d&#8217;expression libre. Les pratiques artistiques se manifestent au quotidien \u00e0 travers des exp\u00e9riences uniques et des r\u00e9alisations collectives. Les explorations individuelles en art permettent non seulement la croissance personnelle, mais aussi des conversations sociales. Chaque ann\u00e9e l&#8217;EAS accueille en ses&hellip;","og_url":"https:\/\/ecoleartsutton.ca\/en\/programming\/cultural-field-trips\/","og_site_name":"\u00c9cole d\u2019art de Sutton","article_modified_time":"2026-02-27T16:03:25+00:00","twitter_card":"summary_large_image","twitter_misc":{"Est. reading time":"3 minutes"},"schema":{"@context":"https:\/\/schema.org","@graph":[{"@type":"WebPage","@id":"https:\/\/ecoleartsutton.ca\/en\/programming\/cultural-field-trips\/","url":"https:\/\/ecoleartsutton.ca\/en\/programming\/cultural-field-trips\/","name":"Cultural field trips - \u00c9cole d\u2019art de Sutton","isPartOf":{"@id":"https:\/\/ecoleartsutton.ca\/en\/#website"},"datePublished":"2025-05-19T21:16:07+00:00","dateModified":"2026-02-27T16:03:25+00:00","breadcrumb":{"@id":"https:\/\/ecoleartsutton.ca\/en\/programming\/cultural-field-trips\/#breadcrumb"},"inLanguage":"en-US","potentialAction":[{"@type":"ReadAction","target":["https:\/\/ecoleartsutton.ca\/en\/programming\/cultural-field-trips\/"]}]},{"@type":"BreadcrumbList","@id":"https:\/\/ecoleartsutton.ca\/en\/programming\/cultural-field-trips\/#breadcrumb","itemListElement":[{"@type":"ListItem","position":1,"name":"Accueil","item":"https:\/\/ecoleartsutton.ca\/en\/"},{"@type":"ListItem","position":2,"name":"Programming","item":"https:\/\/ecoleartsutton.ca\/en\/programming\/"},{"@type":"ListItem","position":3,"name":"Cultural field trips"}]},{"@type":"WebSite","@id":"https:\/\/ecoleartsutton.ca\/en\/#website","url":"https:\/\/ecoleartsutton.ca\/en\/","name":"\u00c9cole d\u2019art de Sutton","description":"","potentialAction":[{"@type":"SearchAction","target":{"@type":"EntryPoint","urlTemplate":"https:\/\/ecoleartsutton.ca\/en\/?s={search_term_string}"},"query-input":{"@type":"PropertyValueSpecification","valueRequired":true,"valueName":"search_term_string"}}],"inLanguage":"en-US"}]}},"_links":{"self":[{"href":"https:\/\/ecoleartsutton.ca\/en\/wp-json\/wp\/v2\/pages\/6522","targetHints":{"allow":["GET"]}}],"collection":[{"href":"https:\/\/ecoleartsutton.ca\/en\/wp-json\/wp\/v2\/pages"}],"about":[{"href":"https:\/\/ecoleartsutton.ca\/en\/wp-json\/wp\/v2\/types\/page"}],"author":[{"embeddable":true,"href":"https:\/\/ecoleartsutton.ca\/en\/wp-json\/wp\/v2\/users\/3"}],"replies":[{"embeddable":true,"href":"https:\/\/ecoleartsutton.ca\/en\/wp-json\/wp\/v2\/comments?post=6522"}],"version-history":[{"count":1,"href":"https:\/\/ecoleartsutton.ca\/en\/wp-json\/wp\/v2\/pages\/6522\/revisions"}],"predecessor-version":[{"id":7314,"href":"https:\/\/ecoleartsutton.ca\/en\/wp-json\/wp\/v2\/pages\/6522\/revisions\/7314"}],"up":[{"embeddable":true,"href":"https:\/\/ecoleartsutton.ca\/en\/wp-json\/wp\/v2\/pages\/4756"}],"wp:attachment":[{"href":"https:\/\/ecoleartsutton.ca\/en\/wp-json\/wp\/v2\/media?parent=6522"}],"curies":[{"name":"wp","href":"https:\/\/api.w.org\/{rel}","templated":true}]}}