{"id":4767,"date":"2022-06-16T17:20:24","date_gmt":"2022-06-16T21:20:24","guid":{"rendered":"https:\/\/ecoleartsutton.ca\/programming\/the-nocturnes\/"},"modified":"2026-03-25T16:58:15","modified_gmt":"2026-03-25T20:58:15","slug":"the-nocturnes","status":"publish","type":"page","link":"https:\/\/ecoleartsutton.ca\/en\/programming\/the-nocturnes\/","title":{"rendered":"The Nocturnes"},"content":{"rendered":"\n<figure itemscope itemtype=\"https:\/\/schema.org\/ImageObject\">\n\t\t\t\t<img decoding=\"async\" src=\"https:\/\/ecoleartsutton.ca\/wp-content\/uploads\/2026\/03\/12.png\" alt=\"12\" height=\"700\" width=\"1920\" title=\"12\" onerror=\"this.style.display='none'\" loading=\"lazy\" \/>\n\t<\/figure>\n<figure itemscope itemtype=\"https:\/\/schema.org\/ImageObject\">\n\t\t\t\t<img decoding=\"async\" src=\"https:\/\/ecoleartsutton.ca\/wp-content\/uploads\/2024\/02\/nocturnes-ecole-dart-de-sutton-1024x749.png\" alt=\"nocturnes \u00e9cole d&#039;art de sutton\" height=\"749\" width=\"1024\" title=\"nocturnes \u00e9cole d&#039;art de sutton\" onerror=\"this.style.display='none'\" loading=\"lazy\" \/>\n\t<\/figure>\n<h4>\n\t\t\tSummer 2026 &#8211; Les Nocturnes opens on 27 June with a Creole country fair. The programme will then feature four outdoor screenings on Thursdays 2 July, 16 July, 30 July and 13 August, as well as a closing night on Saturday 22 August. The full programme will be announced on 21 June.\t<\/h4>\n\t<p>This summer, the Sutton School of Art is offering an open-air cinema, creating a memorable collective experience for the region&#8217;s arts and culture enthusiasts.<\/p>\n<p>In a festive and friendly atmosphere, we invite lovers of the 7th art and their families to come and discover home-grown films and meet the people behind Quebec cinema.<\/p>\n<p>Bring your chairs, blankets, and get ready for an unforgettable experience under the stars.<\/p>\n<h1>\n\t\t\tArchives 2025\t<\/h1>\n\t<h5>The last Nocturnes of the summer &#8211; A festive farewell: Saturday 16 August<\/h5>\n\t<p>The Nocturnes of the 2025 summer season come to a memorable close. The team at the Sutton School of Art, thanks to a commission from the Town of Sutton and its partnership with the Knowlton Film Festival, is organising this event to bring the very best of cinema to its audience. A truly unforgettable final Nocturnes!<\/p>\n<p>6.00 pm: Refreshments and food truck <\/p>\n<p>7.00 pm: Charles Binam\u00e9, director, and Pascale Bussi\u00e8res, actress and co-screenwriter, will be presenting the film they co-wrote, <i>Eldorado<\/i>.<\/p>\n<p>7.15 pm: <i>Eldorado<\/i>, a film by Charles Binam\u00e9 (France, English subtitles, 1 hour 45 minutes)<\/p>\n<p>It&#8217;s summer, it&#8217;s hot in Montreal, and we meet people from all walks of life: Rita, the kind homeless woman who moves in with Roxanne; Henriette, who falls in love with her neighbour; Lloyd, the sex-obsessed radio presenter; a young couple, Marc and Loulou, whose relationship is in jeopardy because of Loulou&#8217;s affair with Lloyd; and many others, as the summer gets hotter and hotter&#8230;<\/p>\n<p>A film starring Robert Brouillette, Pascale Bussi\u00e8res, James Hyndman, Claude Lamothe, Macha Limonchik, Pascale Montpetit and Isabel Richer. <\/p>\n<p>9.00 pm: <i>Pastorale<\/i>, a short film directed by Francis Leclerc and written by Antoine Corriveau (France, 17 minutes)<\/p>\n<p>9.30 pm: Musical performance by Antoine Corriveau. Armed with exceptional songwriting talent, Antoine Corriveau performs the tracks from his new album Oiseau de Nuit as a solo act, delivering a rich and explosive musical experience. With his sharp wit and laid-back style, he delivers his songs with intensity, blending elements of rock, folk and 90s hip hop. A gripping performance of rare intensity that is not to be missed.<\/p>\n<figure itemscope itemtype=\"https:\/\/schema.org\/ImageObject\">\n\t\t\t\t<img decoding=\"async\" src=\"https:\/\/ecoleartsutton.ca\/wp-content\/uploads\/2025\/07\/FB-BANNIERE-POST-2-1024x577.png\" alt=\"FB BANNIE\u0300RE + POST (2)\" height=\"577\" width=\"1024\" title=\"FB BANNIE\u0300RE + POST (2)\" onerror=\"this.style.display='none'\" loading=\"lazy\" \/>\n\t<\/figure>\n\t<p>From Thursday 26 June, the Art Schoolcomes alive on Thursday evenings with Les<em>Nocturnes<\/em>, a series of outdoor screenings.<\/p>\nTwo parts to discover:<strong><br \/>\n<\/strong>\n<p>&nbsp;<\/p>\n<ul>\n<li>In partnership with the Knowlton Film Festival, the evenings of Thursday 26 June and Saturday 16 August will feature arthouse films, live music and a number of special guests.<\/li>\n<li>This year, the City of Sutton&#8217;s family film screenings are being held at the Sutton School of Art as part of the Nocturnes programme. Family Thursday evenings (3, 17 and 31 July, and 7 August) offer a selection of films for young and old alike to enjoy under the stars.<\/li>\n<\/ul>\n<p>&nbsp;<\/p>\n<figure itemscope itemtype=\"https:\/\/schema.org\/ImageObject\">\n\t\t\t\t<img decoding=\"async\" src=\"https:\/\/ecoleartsutton.ca\/wp-content\/uploads\/2025\/06\/f0189a47-4ea0-459b-85fc-3f682087bb28-300x213.jpg\" alt=\"f0189a47-4ea0-459b-85fc-3f682087bb28\" height=\"213\" width=\"300\" title=\"f0189a47-4ea0-459b-85fc-3f682087bb28\" onerror=\"this.style.display='none'\" loading=\"lazy\" \/>\n\t<\/figure>\n<figure itemscope itemtype=\"https:\/\/schema.org\/ImageObject\">\n\t\t\t\t<img decoding=\"async\" src=\"https:\/\/ecoleartsutton.ca\/wp-content\/uploads\/2025\/06\/KFF_white-1-300x140.png\" alt=\"KFF_white (1)\" height=\"140\" width=\"300\" title=\"KFF_white (1)\" onerror=\"this.style.display='none'\" loading=\"lazy\" \/>\n\t<\/figure>\n<h3>\n\t\t\t2025 Program\t<\/h3>\n<figure itemscope itemtype=\"https:\/\/schema.org\/ImageObject\">\n\t\t\t\t<img decoding=\"async\" src=\"https:\/\/ecoleartsutton.ca\/wp-content\/uploads\/2025\/06\/Capture-decran-le-2025-06-19-a-12.08.49.png\" alt=\"Capture d'e\u0301cran, le 2025-06-19 a\u0300 12.08.49\" height=\"844\" width=\"2104\" title=\"Capture d'e\u0301cran, le 2025-06-19 a\u0300 12.08.49\" onerror=\"this.style.display='none'\" loading=\"lazy\" \/>\n\t<\/figure>\n<figure itemscope itemtype=\"https:\/\/schema.org\/ImageObject\">\n\t\t\t\t<img decoding=\"async\" src=\"https:\/\/ecoleartsutton.ca\/wp-content\/uploads\/2025\/06\/Capture-decran-le-2025-06-19-a-12.09.29.png\" alt=\"Capture d'e\u0301cran, le 2025-06-19 a\u0300 12.09.29\" height=\"1142\" width=\"2104\" title=\"Capture d'e\u0301cran, le 2025-06-19 a\u0300 12.09.29\" onerror=\"this.style.display='none'\" loading=\"lazy\" \/>\n\t<\/figure>\n<figure itemscope itemtype=\"https:\/\/schema.org\/ImageObject\">\n\t\t\t\t<img decoding=\"async\" src=\"https:\/\/ecoleartsutton.ca\/wp-content\/uploads\/2025\/07\/FB-BANNIERE-POST-4-1024x577.png\" alt=\"FB BANNIE\u0300RE + POST (4)\" height=\"577\" width=\"1024\" title=\"FB BANNIE\u0300RE + POST (4)\" onerror=\"this.style.display='none'\" loading=\"lazy\" \/>\n\t<\/figure>\n\t<h6><b>Fourth Summer Night Event &#8211; We&#8217;re already halfway through the season! &#8211; Thursday 31 July<\/b><\/h6>\n\t<p>To round off July in style and make the most of the summer, your weekly open-air cinema is back! We are grateful for the commission from the Town of Sutton and for our partnership with the Knowlton Film Festival. We would also like to remind you that this event is completely free and open to everyone. <\/p>\n<p>6.30 pm: Bar<\/p>\n<p>7.00 pm: Musical preview featuring Les \u00c9ph\u00e9m\u00e9rides, a French-speaking folk duo who also draw inspiration from bluegrass and Americana.<\/p>\n<p>8.00 pm:<i> La p&#8217;tite histoire du ruisseau Westover<\/i> by \u00c9tienne Benoit (France, 24 minutes), a documentary about the stream.<\/p>\n<p>8.45 pm: <i>Vil et mis\u00e9rable<\/i>, a film by Jean-Fran\u00e7ois Leblanc (France, English subtitles, 1 hour 55 minutes): Lucien is a gloomy, misanthropic demon who came down to Earth over 350 years ago. Finding refuge in his bookshop, his peace is disrupted by the arrival of Daniel, an enthusiastic human assistant. Together, they find themselves caught up in an unlikely mission to save their bookshop. Starring Fabien Cloutier and Pier-Luc Funk.<\/p>\n<figure itemscope itemtype=\"https:\/\/schema.org\/ImageObject\">\n\t\t\t\t<img decoding=\"async\" src=\"https:\/\/ecoleartsutton.ca\/wp-content\/uploads\/2025\/07\/FB-BANNIERE-POST-3.png\" alt=\"FB BANNIE\u0300RE + POST (3)\" height=\"924\" width=\"1640\" title=\"FB BANNIE\u0300RE + POST (3)\" onerror=\"this.style.display='none'\" loading=\"lazy\" \/>\n\t<\/figure>\n\t<h5>Third Nocturnes evening: Thursday 17 July<\/h5>\n\t<p>The Sutton School of Art is committed to celebrating local talent &#8211; to showcasing it &#8211; and to facilitating encounters with local film industry professionals. The evening celebrates original Quebec creations.  This free family film screening is made possible thanks to funding from the Town of Sutton and in partnership with the Knowlton Film Festival. <\/p>\n<p>6.30 pm: Doors open &#8211; explore your creativity at the Art Lab, grab a drink at the refreshment stand, enjoy the music and visit the Plant Exhibition. <\/p>\n<p>7.00 pm: Musical preview by RaZaR\u00e9<\/p>\n<p>8.00 pm: CTRL ALT DEL, presented by the Sutton Youth Centre, teenagers from our community, visual artist Julie Lequin, the town of Sutton and the Government of Quebec (FR, 5 minutes). A film that deconstructs social media and portrays our reality &#8211; welcome to a teenager&#8217;s mind! <\/p>\n<p>8.15 pm: <i>Balade sur la rivi\u00e8re Yamaska Sud-Est<\/i>, a documentary by \u00c9tienne Benoit (French, 33 minutes), preceded by an interview with Luc Desjarlais, author and fisherman. <\/p>\n<p>9.00 pm: <i>Mlle Bottine<\/i>, a feature film by Yan Lanouette Turgeon (French with English subtitles, 1 hour 59 minutes), starring Marguerite Laurence and Antoine Bertrand.<\/p>\n<p>&nbsp;<\/p>\n<p><strong>IMPORTANT!<\/strong> To enjoy a lovely, cosy evening under the stars, don&#8217;t forget to wrap up warm and bring a large blanket.<\/p>\n<figure itemscope itemtype=\"https:\/\/schema.org\/ImageObject\">\n\t\t\t\t<img decoding=\"async\" src=\"https:\/\/ecoleartsutton.ca\/wp-content\/uploads\/2025\/07\/2025-Affiche-par-Nocturne-194x300.png\" alt=\"2025 Affiche par Nocturne\" height=\"300\" width=\"194\" title=\"2025 Affiche par Nocturne\" onerror=\"this.style.display='none'\" loading=\"lazy\" \/>\n\t<\/figure>\n<h5>\n\t\t\t26 JUNE 2025 &#8211; Launch evening\t<\/h5>\n<h5>\n\t\t\tIn collaboration with the Knowlton Film Festival\t<\/h5>\n\t<h5><b>Opening night of the Nocturnes: <\/b><\/h5>\n<h5><b>26 June &#8211; Creole Country Fair<\/b><\/h5>\n<p>To kick off the Nocturnes series, in collaboration with the Knowlton Film Festival, join us for a Creole country fair &#8211; an event celebrating Haitian Creole history and culture. <\/p>\n<ul>\n<li>6.30 pm: Rebecca Jean on piano and vocals, accompanied by percussion<\/li>\n<li>7.00 pm: A tasting inspired by the film, prepared by Shandmas<\/li>\n<li>8.15 pm: Screening of <i>\u00c2me noire<\/i>, a short film by Martine Chartrand, presented courtesy of the National Film Board of Canada <\/li>\n<li>8.30 pm: Screening of the film <i>Le dernier repas<\/i>, a feature film by Maryse Legagneur <\/li>\n<li>10.50 pm: Discussion with the director and her guests<\/li>\n<\/ul>\n<p>Please note: a separate area will be provided for children during the screening of the feature film.<\/p>\n<p><b>Free admission from 8.00 pm for films and discussions<\/b><\/p>\n<p><b>There is a charge for the meal and the musical performance (from 6.30 pm)<\/b><\/p>\n<figure itemscope itemtype=\"https:\/\/schema.org\/ImageObject\">\n\t\t\t\t<img decoding=\"async\" src=\"https:\/\/ecoleartsutton.ca\/wp-content\/uploads\/2025\/06\/FB-BANNIERE-POST-1-1024x577.jpg\" alt=\"FB BANNIE\u0300RE + POST\" height=\"577\" width=\"1024\" title=\"FB BANNIE\u0300RE + POST\" onerror=\"this.style.display='none'\" loading=\"lazy\" \/>\n\t<\/figure>\n<h1>\n\t\t\tArchives 2024\t<\/h1>\n<h3>\n\t\t\tJuly\t<\/h3>\n\t<p><strong>05<\/strong> <\/p>\n<p><em>HARVEY<\/em><\/p>\n<p>Janice Nadeau<\/p>\n<p>French &#8211; with English subtitles<\/p>\n<p>Short film. 9 mins<\/p>\n<p>&nbsp;<\/p>\n<p><em>AVRIL ET LE MONDE TRUQU\u00c9<\/em><\/p>\n<p>Franck Ekinci, Christian Desmares<\/p>\n<p>French<\/p>\n<p>Full-length film. 105 mins<\/p>\n<p>Free for children under 12<\/p>\n\t<p><strong>19<\/strong><\/p>\n<p><i>D&#8217;ICI, D&#8217;AILLEURS<\/i><\/p>\n<p>Chadi Bennani<\/p>\n<p>French, Arabic<\/p>\n<p>Short film. 19 mins<\/p>\n<p>&nbsp;<\/p>\n<p><em>L&#8217;AUDIENCE<\/em><\/p>\n<p>\u00c9milie B. Gu\u00e9rette &amp; Peggy Nkunga Ndona<\/p>\n<p>French, Lingala<\/p>\n<p>Full-length film. 93 mins<\/p>\n<h3>\n\t\t\tAugust\t<\/h3>\n\t<p><strong>02<\/strong><\/p>\n<p><em>BIRDIE<\/em><\/p>\n<p>Alexandre Lefebvre<\/p>\n<p>French &#8211; with English subtitles<\/p>\n<p>Short film. 11 mins<\/p>\n<p>&nbsp;<\/p>\n<p><em>LES TRICHEURS <\/em><\/p>\n<p>Louis Godbout<\/p>\n<p>French<\/p>\n<p>Full-length film. 90 mins<\/p>\n\t<p><strong>09<\/strong><\/p>\n<p><em>R\u00c9COLTER L&#8217;HIVER<\/em><\/p>\n<p>Am\u00e9lie Dussault<\/p>\n<p>French &#8211; with English subtitles<\/p>\nFull-length film. 42 mins<br \/>\n<br \/>\n\n<strong>FREE EVENT<br \/>\n<\/strong>\n<p>As part of the <em>Cinema Under the Stars<\/em> festival.<\/p>\n<p>For the full festival programme,<a href=\"https:\/\/cinemasouslesetoiles.org\/film\/recolter-lhiver\/\"> <strong>click here<\/strong><\/a><\/p>\n<br \/>\nThank you to the <strong><\/strong><strong>Town of Sutton<\/strong> for its generous contribution and to <a href=\"https:\/\/sutton.ca\/\">Funambules M\u00e9dias<\/a> &#8211; our programming partner\n\t<p><strong>16<\/strong><\/p>\n<p><i>FESTIVAL DU FILM DE KNOWLTON<\/i><\/p>\n<p>French<\/p>\n<p>Full-length film at the <a href=\"https:\/\/festivaldufilmdeknowlton.ca\/\">Knowlton Film Festival<\/a><\/p>\n\t<p><strong>17<\/strong><\/p>\n<p><em>FILM FROM THE CINEMA CAMP<\/em><\/p>\n<p>Sutton School of Art Film Camp Group <\/p>\n<p>French<\/p>\n<p>Short film<\/p>\n<p>at <a href=\"https:\/\/festivaldufilmdeknowlton.ca\/\">the Knowlton Film Festival<\/a><\/p>\n<h3>\n\t\t\tSeptember\t<\/h3>\n\t<p><strong>06<\/strong><\/p>\n<p><em>LES ROTEUSES <\/em><\/p>\n<p>Garance Chagnon-Gr\u00e9goire<\/p>\n<p>French &#8211; with English subtitles<\/p>\n<p>Short film. 13 mins<\/p>\n<p>&nbsp;<\/p>\n<p><em>FRANCOEUR: ON ACH\u00c8VE BIEN LES ROCKERS<\/em><\/p>\n<p>Virginie Francoeur &amp; Robbie Hart<\/p>\n<p>French &#8211; with English subtitles<\/p>\n<p>Full-length film. 94 mins<\/p>\n\t<p><strong>20<\/strong><\/p>\n<p><em>SIMO<\/em><\/p>\n<p>Aziz Zoromba<\/p>\n<p>French &#8211; with English subtitles<\/p>\n<p>Short film. 23 mins<\/p>\n<p>&nbsp;<\/p>\n<p><em>DUNE &#8211; PART TWO<\/em><\/p>\n<p>Denis Villeneuve<\/p>\n<p>English &#8211; with French subtitles<\/p>\n<p>Full-length film. 166 mins<\/p>\n<h3>\n\t\t\tOur 2024 partners\t<\/h3>\n<figure itemscope itemtype=\"https:\/\/schema.org\/ImageObject\">\n\t\t\t\t<img decoding=\"async\" src=\"https:\/\/ecoleartsutton.ca\/wp-content\/uploads\/2024\/06\/Copie-de-Banniere-Web-1920x700-page-accueil--1024x373.png\" alt=\"Copie de Bannie\u0300re Web - 1920x700 page accueil\" height=\"373\" width=\"1024\" title=\"Copie de Bannie\u0300re Web - 1920x700 page accueil\" onerror=\"this.style.display='none'\" loading=\"lazy\" \/>\n\t<\/figure>\n\n","protected":false},"excerpt":{"rendered":"<p>Summer 2026 &#8211; Les Nocturnes opens on 27 June with a Creole country fair. The programme will then feature four outdoor screenings on Thursdays 2 July, 16 July, 30 July and 13 August, as well as a closing night on Saturday 22 August. The full programme will be announced on 21 June. This summer, the&hellip;<\/p>\n","protected":false},"author":3,"featured_media":2765,"parent":4756,"menu_order":300,"comment_status":"closed","ping_status":"closed","template":"","meta":{"footnotes":""},"class_list":["post-4767","page","type-page","status-publish","has-post-thumbnail","hentry"],"yoast_head":"<!-- This site is optimized with the Yoast SEO plugin v27.4 - https:\/\/yoast.com\/product\/yoast-seo-wordpress\/ -->\n<title>The Nocturnes - \u00c9cole d\u2019art de Sutton<\/title>\n<meta name=\"description\" content=\"the Sutton School of Art becomes an open-air cinema, presenting films by Quebecois filmakers. Our aim is to showcase the region&#039;s creators and the diversity of Quebec cinema (all French-language films are subtitled in English, of course!)\" \/>\n<meta name=\"robots\" content=\"index, follow, max-snippet:-1, max-image-preview:large, max-video-preview:-1\" \/>\n<link rel=\"canonical\" href=\"https:\/\/ecoleartsutton.ca\/en\/programming\/the-nocturnes\/\" \/>\n<meta property=\"og:locale\" content=\"en_US\" \/>\n<meta property=\"og:type\" content=\"article\" \/>\n<meta property=\"og:title\" content=\"The Nocturnes - \u00c9cole d\u2019art de Sutton\" \/>\n<meta property=\"og:description\" content=\"the Sutton School of Art becomes an open-air cinema, presenting films by Quebecois filmakers. Our aim is to showcase the region&#039;s creators and the diversity of Quebec cinema (all French-language films are subtitled in English, of course!)\" \/>\n<meta property=\"og:url\" content=\"https:\/\/ecoleartsutton.ca\/en\/programming\/the-nocturnes\/\" \/>\n<meta property=\"og:site_name\" content=\"\u00c9cole d\u2019art de Sutton\" \/>\n<meta property=\"article:modified_time\" content=\"2026-03-25T20:58:15+00:00\" \/>\n<meta property=\"og:image\" content=\"https:\/\/ecoleartsutton.ca\/wp-content\/uploads\/2023\/06\/nocturnes-icone-et-titre-1024x471.png\" \/>\n<meta name=\"twitter:card\" content=\"summary_large_image\" \/>\n<meta name=\"twitter:label1\" content=\"Est. reading time\" \/>\n\t<meta name=\"twitter:data1\" content=\"9 minutes\" \/>\n<script type=\"application\/ld+json\" class=\"yoast-schema-graph\">{\"@context\":\"https:\\\/\\\/schema.org\",\"@graph\":[{\"@type\":\"WebPage\",\"@id\":\"https:\\\/\\\/ecoleartsutton.ca\\\/en\\\/programming\\\/the-nocturnes\\\/\",\"url\":\"https:\\\/\\\/ecoleartsutton.ca\\\/en\\\/programming\\\/the-nocturnes\\\/\",\"name\":\"The Nocturnes - \u00c9cole d\u2019art de Sutton\",\"isPartOf\":{\"@id\":\"https:\\\/\\\/ecoleartsutton.ca\\\/en\\\/#website\"},\"primaryImageOfPage\":{\"@id\":\"https:\\\/\\\/ecoleartsutton.ca\\\/en\\\/programming\\\/the-nocturnes\\\/#primaryimage\"},\"image\":{\"@id\":\"https:\\\/\\\/ecoleartsutton.ca\\\/en\\\/programming\\\/the-nocturnes\\\/#primaryimage\"},\"thumbnailUrl\":\"https:\\\/\\\/ecoleartsutton.ca\\\/wp-content\\\/uploads\\\/2021\\\/06\\\/nocturnes-icone.png\",\"datePublished\":\"2022-06-16T21:20:24+00:00\",\"dateModified\":\"2026-03-25T20:58:15+00:00\",\"description\":\"the Sutton School of Art becomes an open-air cinema, presenting films by Quebecois filmakers. Our aim is to showcase the region's creators and the diversity of Quebec cinema (all French-language films are subtitled in English, of course!)\",\"breadcrumb\":{\"@id\":\"https:\\\/\\\/ecoleartsutton.ca\\\/en\\\/programming\\\/the-nocturnes\\\/#breadcrumb\"},\"inLanguage\":\"en-US\",\"potentialAction\":[{\"@type\":\"ReadAction\",\"target\":[\"https:\\\/\\\/ecoleartsutton.ca\\\/en\\\/programming\\\/the-nocturnes\\\/\"]}]},{\"@type\":\"ImageObject\",\"inLanguage\":\"en-US\",\"@id\":\"https:\\\/\\\/ecoleartsutton.ca\\\/en\\\/programming\\\/the-nocturnes\\\/#primaryimage\",\"url\":\"https:\\\/\\\/ecoleartsutton.ca\\\/wp-content\\\/uploads\\\/2021\\\/06\\\/nocturnes-icone.png\",\"contentUrl\":\"https:\\\/\\\/ecoleartsutton.ca\\\/wp-content\\\/uploads\\\/2021\\\/06\\\/nocturnes-icone.png\",\"width\":495,\"height\":496},{\"@type\":\"BreadcrumbList\",\"@id\":\"https:\\\/\\\/ecoleartsutton.ca\\\/en\\\/programming\\\/the-nocturnes\\\/#breadcrumb\",\"itemListElement\":[{\"@type\":\"ListItem\",\"position\":1,\"name\":\"Accueil\",\"item\":\"https:\\\/\\\/ecoleartsutton.ca\\\/en\\\/welcome\\\/\"},{\"@type\":\"ListItem\",\"position\":2,\"name\":\"Programming\",\"item\":\"https:\\\/\\\/ecoleartsutton.ca\\\/en\\\/programming\\\/\"},{\"@type\":\"ListItem\",\"position\":3,\"name\":\"The Nocturnes\"}]},{\"@type\":\"WebSite\",\"@id\":\"https:\\\/\\\/ecoleartsutton.ca\\\/en\\\/#website\",\"url\":\"https:\\\/\\\/ecoleartsutton.ca\\\/en\\\/\",\"name\":\"\u00c9cole d\u2019art de Sutton\",\"description\":\"\",\"potentialAction\":[{\"@type\":\"SearchAction\",\"target\":{\"@type\":\"EntryPoint\",\"urlTemplate\":\"https:\\\/\\\/ecoleartsutton.ca\\\/en\\\/?s={search_term_string}\"},\"query-input\":{\"@type\":\"PropertyValueSpecification\",\"valueRequired\":true,\"valueName\":\"search_term_string\"}}],\"inLanguage\":\"en-US\"}]}<\/script>\n<!-- \/ Yoast SEO plugin. -->","yoast_head_json":{"title":"The Nocturnes - \u00c9cole d\u2019art de Sutton","description":"the Sutton School of Art becomes an open-air cinema, presenting films by Quebecois filmakers. Our aim is to showcase the region's creators and the diversity of Quebec cinema (all French-language films are subtitled in English, of course!)","robots":{"index":"index","follow":"follow","max-snippet":"max-snippet:-1","max-image-preview":"max-image-preview:large","max-video-preview":"max-video-preview:-1"},"canonical":"https:\/\/ecoleartsutton.ca\/en\/programming\/the-nocturnes\/","og_locale":"en_US","og_type":"article","og_title":"The Nocturnes - \u00c9cole d\u2019art de Sutton","og_description":"the Sutton School of Art becomes an open-air cinema, presenting films by Quebecois filmakers. Our aim is to showcase the region's creators and the diversity of Quebec cinema (all French-language films are subtitled in English, of course!)","og_url":"https:\/\/ecoleartsutton.ca\/en\/programming\/the-nocturnes\/","og_site_name":"\u00c9cole d\u2019art de Sutton","article_modified_time":"2026-03-25T20:58:15+00:00","og_image":[{"url":"https:\/\/ecoleartsutton.ca\/wp-content\/uploads\/2023\/06\/nocturnes-icone-et-titre-1024x471.png","type":"","width":"","height":""}],"twitter_card":"summary_large_image","twitter_misc":{"Est. reading time":"9 minutes"},"schema":{"@context":"https:\/\/schema.org","@graph":[{"@type":"WebPage","@id":"https:\/\/ecoleartsutton.ca\/en\/programming\/the-nocturnes\/","url":"https:\/\/ecoleartsutton.ca\/en\/programming\/the-nocturnes\/","name":"The Nocturnes - \u00c9cole d\u2019art de Sutton","isPartOf":{"@id":"https:\/\/ecoleartsutton.ca\/en\/#website"},"primaryImageOfPage":{"@id":"https:\/\/ecoleartsutton.ca\/en\/programming\/the-nocturnes\/#primaryimage"},"image":{"@id":"https:\/\/ecoleartsutton.ca\/en\/programming\/the-nocturnes\/#primaryimage"},"thumbnailUrl":"https:\/\/ecoleartsutton.ca\/wp-content\/uploads\/2021\/06\/nocturnes-icone.png","datePublished":"2022-06-16T21:20:24+00:00","dateModified":"2026-03-25T20:58:15+00:00","description":"the Sutton School of Art becomes an open-air cinema, presenting films by Quebecois filmakers. Our aim is to showcase the region's creators and the diversity of Quebec cinema (all French-language films are subtitled in English, of course!)","breadcrumb":{"@id":"https:\/\/ecoleartsutton.ca\/en\/programming\/the-nocturnes\/#breadcrumb"},"inLanguage":"en-US","potentialAction":[{"@type":"ReadAction","target":["https:\/\/ecoleartsutton.ca\/en\/programming\/the-nocturnes\/"]}]},{"@type":"ImageObject","inLanguage":"en-US","@id":"https:\/\/ecoleartsutton.ca\/en\/programming\/the-nocturnes\/#primaryimage","url":"https:\/\/ecoleartsutton.ca\/wp-content\/uploads\/2021\/06\/nocturnes-icone.png","contentUrl":"https:\/\/ecoleartsutton.ca\/wp-content\/uploads\/2021\/06\/nocturnes-icone.png","width":495,"height":496},{"@type":"BreadcrumbList","@id":"https:\/\/ecoleartsutton.ca\/en\/programming\/the-nocturnes\/#breadcrumb","itemListElement":[{"@type":"ListItem","position":1,"name":"Accueil","item":"https:\/\/ecoleartsutton.ca\/en\/welcome\/"},{"@type":"ListItem","position":2,"name":"Programming","item":"https:\/\/ecoleartsutton.ca\/en\/programming\/"},{"@type":"ListItem","position":3,"name":"The Nocturnes"}]},{"@type":"WebSite","@id":"https:\/\/ecoleartsutton.ca\/en\/#website","url":"https:\/\/ecoleartsutton.ca\/en\/","name":"\u00c9cole d\u2019art de Sutton","description":"","potentialAction":[{"@type":"SearchAction","target":{"@type":"EntryPoint","urlTemplate":"https:\/\/ecoleartsutton.ca\/en\/?s={search_term_string}"},"query-input":{"@type":"PropertyValueSpecification","valueRequired":true,"valueName":"search_term_string"}}],"inLanguage":"en-US"}]}},"_links":{"self":[{"href":"https:\/\/ecoleartsutton.ca\/en\/wp-json\/wp\/v2\/pages\/4767","targetHints":{"allow":["GET"]}}],"collection":[{"href":"https:\/\/ecoleartsutton.ca\/en\/wp-json\/wp\/v2\/pages"}],"about":[{"href":"https:\/\/ecoleartsutton.ca\/en\/wp-json\/wp\/v2\/types\/page"}],"author":[{"embeddable":true,"href":"https:\/\/ecoleartsutton.ca\/en\/wp-json\/wp\/v2\/users\/3"}],"replies":[{"embeddable":true,"href":"https:\/\/ecoleartsutton.ca\/en\/wp-json\/wp\/v2\/comments?post=4767"}],"version-history":[{"count":14,"href":"https:\/\/ecoleartsutton.ca\/en\/wp-json\/wp\/v2\/pages\/4767\/revisions"}],"predecessor-version":[{"id":7528,"href":"https:\/\/ecoleartsutton.ca\/en\/wp-json\/wp\/v2\/pages\/4767\/revisions\/7528"}],"up":[{"embeddable":true,"href":"https:\/\/ecoleartsutton.ca\/en\/wp-json\/wp\/v2\/pages\/4756"}],"wp:featuredmedia":[{"embeddable":true,"href":"https:\/\/ecoleartsutton.ca\/en\/wp-json\/wp\/v2\/media\/2765"}],"wp:attachment":[{"href":"https:\/\/ecoleartsutton.ca\/en\/wp-json\/wp\/v2\/media?parent=4767"}],"curies":[{"name":"wp","href":"https:\/\/api.w.org\/{rel}","templated":true}]}}