{"id":4435,"date":"2024-04-15T15:34:38","date_gmt":"2024-04-15T19:34:38","guid":{"rendered":"https:\/\/ecoleartsutton.ca\/newsletter\/"},"modified":"2024-05-27T09:59:49","modified_gmt":"2024-05-27T13:59:49","slug":"newsletter","status":"publish","type":"page","link":"https:\/\/ecoleartsutton.ca\/en\/newsletter\/","title":{"rendered":"Newsletter"},"content":{"rendered":"\n\n\t\t\t\t\t\t\t\u00ab\u00a0*\u00a0\u00bb indique les champs n\u00e9cessaires\n                        <form method='post' enctype='multipart\/form-data'  id='gform_26'  action='\/?page_id=4413&#038;fl_builder' data-formid='26' novalidate>\n                        <fieldset id=\"field_26_1\"  data-js-reload=\"field_26_1\"><legend class='gfield_label gform-field-label gfield_label_before_complex'>Nom*<\/legend>\n                                                    <input type='text' name='input_1.3' id='input_26_1_3' value='' tabindex='101'  aria-required='true'   placeholder='Pr\u00e9nom*'  \/>\n                                                    <label for='input_26_1_3' class='gform-field-label gform-field-label--type-sub hidden_sub_label screen-reader-text'>Pr\u00e9nom<\/label>\n                                                    <input type='text' name='input_1.6' id='input_26_1_6' value='' tabindex='103'  aria-required='true'   placeholder='Nom*'  \/>\n                                                    <label for='input_26_1_6' class='gform-field-label gform-field-label--type-sub hidden_sub_label screen-reader-text'>Nom<\/label>\n                        <\/fieldset><label class='gfield_label gform-field-label' for='input_26_2'>Courriel*<\/label>\n                            <input name='input_2' id='input_26_2' type='email' value='' class='large' tabindex='105'  placeholder='Courriel*' aria-required=\"true\" aria-invalid=\"false\"  \/>\n                        <fieldset id=\"field_26_4\"  data-js-reload=\"field_26_4\"><legend class='gfield_label gform-field-label gfield_label_before_complex'>Vos int\u00e9r\u00eats*<\/legend>\n\t\t\t\t\t\t\t\t<input class='gfield-choice-input' name='input_4.1' type='checkbox'  value='Infolettre'  id='choice_26_4_1' tabindex='106'  \/>\n\t\t\t\t\t\t\t\t<label for='choice_26_4_1' id='label_26_4_1' class='gform-field-label gform-field-label--type-inline'>Infolettre<\/label>\n\t\t\t\t\t\t\t\t<input class='gfield-choice-input' name='input_4.2' type='checkbox'  value='Ateliers'  id='choice_26_4_2' tabindex='107'  \/>\n\t\t\t\t\t\t\t\t<label for='choice_26_4_2' id='label_26_4_2' class='gform-field-label gform-field-label--type-inline'>Ateliers<\/label>\n\t\t\t\t\t\t\t\t<input class='gfield-choice-input' name='input_4.3' type='checkbox'  value='Camps d&#039;\u00e9t\u00e9'  id='choice_26_4_3' tabindex='108'  \/>\n\t\t\t\t\t\t\t\t<label for='choice_26_4_3' id='label_26_4_3' class='gform-field-label gform-field-label--type-inline'>Camps d&#8217;\u00e9t\u00e9<\/label>\n\t\t\t\t\t\t\t\t<input class='gfield-choice-input' name='input_4.4' type='checkbox'  value='Donateurs'  id='choice_26_4_4' tabindex='109'  \/>\n\t\t\t\t\t\t\t\t<label for='choice_26_4_4' id='label_26_4_4' class='gform-field-label gform-field-label--type-inline'>Donateurs<\/label>\n\t\t\t\t\t\t\t\t<input class='gfield-choice-input' name='input_4.5' type='checkbox'  value='\u00c9v\u00e9nements'  id='choice_26_4_5' tabindex='110'  \/>\n\t\t\t\t\t\t\t\t<label for='choice_26_4_5' id='label_26_4_5' class='gform-field-label gform-field-label--type-inline'>\u00c9v\u00e9nements<\/label>\n\t\t\t\t\t\t\t\t<input class='gfield-choice-input' name='input_4.6' type='checkbox'  value='Petit Salon du livre'  id='choice_26_4_6' tabindex='111'  \/>\n\t\t\t\t\t\t\t\t<label for='choice_26_4_6' id='label_26_4_6' class='gform-field-label gform-field-label--type-inline'>Petit Salon du livre<\/label>\n\t\t\t\t\t\t\t\t<input class='gfield-choice-input' name='input_4.7' type='checkbox'  value='Printemps d&#039;architecture'  id='choice_26_4_7' tabindex='112'  \/>\n\t\t\t\t\t\t\t\t<label for='choice_26_4_7' id='label_26_4_7' class='gform-field-label gform-field-label--type-inline'>Printemps d&#8217;architecture<\/label>\n\t\t\t\t\t\t\t<\/fieldset>\n         <input type='submit' id='gform_submit_button_26' class='gform_button button' value='Envoyer' tabindex='113' onclick='if(window[\"gf_submitting_26\"]){return false;}  if( !jQuery(\"#gform_26\")[0].checkValidity || jQuery(\"#gform_26\")[0].checkValidity()){window[\"gf_submitting_26\"]=true;}  ' onkeypress='if( event.keyCode == 13 ){ if(window[\"gf_submitting_26\"]){return false;} if( !jQuery(\"#gform_26\")[0].checkValidity || jQuery(\"#gform_26\")[0].checkValidity()){window[\"gf_submitting_26\"]=true;}  jQuery(\"#gform_26\").trigger(\"submit\",[true]); }' \/> \n            <input type='hidden' class='gform_hidden' name='is_submit_26' value='1' \/>\n            <input type='hidden' class='gform_hidden' name='gform_submit' value='26' \/>\n            <input type='hidden' class='gform_hidden' name='gform_unique_id' value='' \/>\n            <input type='hidden' class='gform_hidden' name='state_26' value='WyJ7XCI0LjFcIjpcImRhZTA0MjM3NmI2NTY0NjQ4MDQ4NmIxNTM1OTUzZTM2XCIsXCI0LjJcIjpcIjY3M2Y5NjMwMzQ1ZDUzNzA2NTc5ZGZjOGM0NWQwNzk0XCIsXCI0LjNcIjpcIjQ3NzUzZTZiZDFlNDUxMDlmZjAxNWRmMDJhZjc4YjUwXCIsXCI0LjRcIjpcIjAxNDhmODIyZTFlM2E4N2ViNDQ3ODFjN2I4MGM1YTFkXCIsXCI0LjVcIjpcImU4ZTdmY2QxNGZjZTZhN2Q5MDRhN2M2MWMyZGU0MjlmXCIsXCI0LjZcIjpcIjQwNjY3MzAzNzJmMzhjMWNlYmI4NTQ3NDVjYjU2NjNiXCIsXCI0LjdcIjpcImM3ZDkzMzMwYWU4MjMzYmQzMzdhMDFlMmNmYTBiOWJhXCJ9IiwiYTRiOTNlZjk0ZmE3ODRjNDJiOTViNWUwY2RmZGIzMzciXQ==' \/>\n            <input type='hidden' class='gform_hidden' name='gform_target_page_number_26' id='gform_target_page_number_26' value='0' \/>\n            <input type='hidden' class='gform_hidden' name='gform_source_page_number_26' id='gform_source_page_number_26' value='1' \/>\n            <input type='hidden' name='gform_field_values' value='' \/>\n                        <\/form>\n\n","protected":false},"excerpt":{"rendered":"<p>\u00ab\u00a0*\u00a0\u00bb indique les champs n\u00e9cessaires Nom* Pr\u00e9nom Nom Courriel* Vos int\u00e9r\u00eats* Infolettre Ateliers Camps d&#8217;\u00e9t\u00e9 Donateurs \u00c9v\u00e9nements Petit Salon du livre Printemps d&#8217;architecture<\/p>\n","protected":false},"author":18,"featured_media":0,"parent":0,"menu_order":10,"comment_status":"closed","ping_status":"closed","template":"","meta":{"footnotes":""},"class_list":["post-4435","page","type-page","status-publish","hentry"],"yoast_head":"<!-- This site is optimized with the Yoast SEO plugin v27.3 - https:\/\/yoast.com\/product\/yoast-seo-wordpress\/ -->\n<title>Newsletter - \u00c9cole d\u2019art de Sutton<\/title>\n<meta name=\"robots\" content=\"index, follow, max-snippet:-1, max-image-preview:large, max-video-preview:-1\" \/>\n<link rel=\"canonical\" href=\"https:\/\/ecoleartsutton.ca\/en\/newsletter\/\" \/>\n<meta property=\"og:locale\" content=\"en_US\" \/>\n<meta property=\"og:type\" content=\"article\" \/>\n<meta property=\"og:title\" content=\"Newsletter - \u00c9cole d\u2019art de Sutton\" \/>\n<meta property=\"og:description\" content=\"\u00ab\u00a0*\u00a0\u00bb indique les champs n\u00e9cessaires Nom* Pr\u00e9nom Nom Courriel* Vos int\u00e9r\u00eats* Infolettre Ateliers Camps d&#8217;\u00e9t\u00e9 Donateurs \u00c9v\u00e9nements Petit Salon du livre Printemps d&#8217;architecture\" \/>\n<meta property=\"og:url\" content=\"https:\/\/ecoleartsutton.ca\/en\/newsletter\/\" \/>\n<meta property=\"og:site_name\" content=\"\u00c9cole d\u2019art de Sutton\" \/>\n<meta property=\"article:modified_time\" content=\"2024-05-27T13:59:49+00:00\" \/>\n<meta name=\"twitter:card\" content=\"summary_large_image\" \/>\n<script type=\"application\/ld+json\" class=\"yoast-schema-graph\">{\"@context\":\"https:\\\/\\\/schema.org\",\"@graph\":[{\"@type\":\"WebPage\",\"@id\":\"https:\\\/\\\/ecoleartsutton.ca\\\/en\\\/newsletter\\\/\",\"url\":\"https:\\\/\\\/ecoleartsutton.ca\\\/en\\\/newsletter\\\/\",\"name\":\"Newsletter - \u00c9cole d\u2019art de Sutton\",\"isPartOf\":{\"@id\":\"https:\\\/\\\/ecoleartsutton.ca\\\/en\\\/#website\"},\"datePublished\":\"2024-04-15T19:34:38+00:00\",\"dateModified\":\"2024-05-27T13:59:49+00:00\",\"breadcrumb\":{\"@id\":\"https:\\\/\\\/ecoleartsutton.ca\\\/en\\\/newsletter\\\/#breadcrumb\"},\"inLanguage\":\"en-US\",\"potentialAction\":[{\"@type\":\"ReadAction\",\"target\":[\"https:\\\/\\\/ecoleartsutton.ca\\\/en\\\/newsletter\\\/\"]}]},{\"@type\":\"BreadcrumbList\",\"@id\":\"https:\\\/\\\/ecoleartsutton.ca\\\/en\\\/newsletter\\\/#breadcrumb\",\"itemListElement\":[{\"@type\":\"ListItem\",\"position\":1,\"name\":\"Accueil\",\"item\":\"https:\\\/\\\/ecoleartsutton.ca\\\/en\\\/\"},{\"@type\":\"ListItem\",\"position\":2,\"name\":\"Newsletter\"}]},{\"@type\":\"WebSite\",\"@id\":\"https:\\\/\\\/ecoleartsutton.ca\\\/en\\\/#website\",\"url\":\"https:\\\/\\\/ecoleartsutton.ca\\\/en\\\/\",\"name\":\"\u00c9cole d\u2019art de Sutton\",\"description\":\"\",\"potentialAction\":[{\"@type\":\"SearchAction\",\"target\":{\"@type\":\"EntryPoint\",\"urlTemplate\":\"https:\\\/\\\/ecoleartsutton.ca\\\/en\\\/?s={search_term_string}\"},\"query-input\":{\"@type\":\"PropertyValueSpecification\",\"valueRequired\":true,\"valueName\":\"search_term_string\"}}],\"inLanguage\":\"en-US\"}]}<\/script>\n<!-- \/ Yoast SEO plugin. -->","yoast_head_json":{"title":"Newsletter - \u00c9cole d\u2019art de Sutton","robots":{"index":"index","follow":"follow","max-snippet":"max-snippet:-1","max-image-preview":"max-image-preview:large","max-video-preview":"max-video-preview:-1"},"canonical":"https:\/\/ecoleartsutton.ca\/en\/newsletter\/","og_locale":"en_US","og_type":"article","og_title":"Newsletter - \u00c9cole d\u2019art de Sutton","og_description":"\u00ab\u00a0*\u00a0\u00bb indique les champs n\u00e9cessaires Nom* Pr\u00e9nom Nom Courriel* Vos int\u00e9r\u00eats* Infolettre Ateliers Camps d&#8217;\u00e9t\u00e9 Donateurs \u00c9v\u00e9nements Petit Salon du livre Printemps d&#8217;architecture","og_url":"https:\/\/ecoleartsutton.ca\/en\/newsletter\/","og_site_name":"\u00c9cole d\u2019art de Sutton","article_modified_time":"2024-05-27T13:59:49+00:00","twitter_card":"summary_large_image","schema":{"@context":"https:\/\/schema.org","@graph":[{"@type":"WebPage","@id":"https:\/\/ecoleartsutton.ca\/en\/newsletter\/","url":"https:\/\/ecoleartsutton.ca\/en\/newsletter\/","name":"Newsletter - \u00c9cole d\u2019art de Sutton","isPartOf":{"@id":"https:\/\/ecoleartsutton.ca\/en\/#website"},"datePublished":"2024-04-15T19:34:38+00:00","dateModified":"2024-05-27T13:59:49+00:00","breadcrumb":{"@id":"https:\/\/ecoleartsutton.ca\/en\/newsletter\/#breadcrumb"},"inLanguage":"en-US","potentialAction":[{"@type":"ReadAction","target":["https:\/\/ecoleartsutton.ca\/en\/newsletter\/"]}]},{"@type":"BreadcrumbList","@id":"https:\/\/ecoleartsutton.ca\/en\/newsletter\/#breadcrumb","itemListElement":[{"@type":"ListItem","position":1,"name":"Accueil","item":"https:\/\/ecoleartsutton.ca\/en\/"},{"@type":"ListItem","position":2,"name":"Newsletter"}]},{"@type":"WebSite","@id":"https:\/\/ecoleartsutton.ca\/en\/#website","url":"https:\/\/ecoleartsutton.ca\/en\/","name":"\u00c9cole d\u2019art de Sutton","description":"","potentialAction":[{"@type":"SearchAction","target":{"@type":"EntryPoint","urlTemplate":"https:\/\/ecoleartsutton.ca\/en\/?s={search_term_string}"},"query-input":{"@type":"PropertyValueSpecification","valueRequired":true,"valueName":"search_term_string"}}],"inLanguage":"en-US"}]}},"_links":{"self":[{"href":"https:\/\/ecoleartsutton.ca\/en\/wp-json\/wp\/v2\/pages\/4435","targetHints":{"allow":["GET"]}}],"collection":[{"href":"https:\/\/ecoleartsutton.ca\/en\/wp-json\/wp\/v2\/pages"}],"about":[{"href":"https:\/\/ecoleartsutton.ca\/en\/wp-json\/wp\/v2\/types\/page"}],"author":[{"embeddable":true,"href":"https:\/\/ecoleartsutton.ca\/en\/wp-json\/wp\/v2\/users\/18"}],"replies":[{"embeddable":true,"href":"https:\/\/ecoleartsutton.ca\/en\/wp-json\/wp\/v2\/comments?post=4435"}],"version-history":[{"count":3,"href":"https:\/\/ecoleartsutton.ca\/en\/wp-json\/wp\/v2\/pages\/4435\/revisions"}],"predecessor-version":[{"id":4438,"href":"https:\/\/ecoleartsutton.ca\/en\/wp-json\/wp\/v2\/pages\/4435\/revisions\/4438"}],"wp:attachment":[{"href":"https:\/\/ecoleartsutton.ca\/en\/wp-json\/wp\/v2\/media?parent=4435"}],"curies":[{"name":"wp","href":"https:\/\/api.w.org\/{rel}","templated":true}]}}