{"id":4058,"date":"2024-03-19T15:38:02","date_gmt":"2024-03-19T19:38:02","guid":{"rendered":"https:\/\/ecoleartsutton.ca\/?page_id=4058"},"modified":"2025-04-08T13:10:01","modified_gmt":"2025-04-08T17:10:01","slug":"rentals","status":"publish","type":"page","link":"https:\/\/ecoleartsutton.ca\/en\/rentals\/","title":{"rendered":"Rentals"},"content":{"rendered":"\n<h1>\n\t\tRentals\n\t<\/h1>\n\t<p>The Sutton school of Art is an industrial infrastructure housing a former dairy that is slowly evolving into a cultural environment dedicated to learning, the dissemination of art and community development in all its forms. In collaboration with the architectural firm IN SITU, the building has been redesigned to preserve the traces of the past and provide a blank canvas for the possibilities of the future.<\/p>\n\t<ul>\n<li>Private event<\/li>\n<li>Corporate<\/li>\n<li>Artist residency<\/li>\n<li>Wedding<\/li>\n<li>Show<\/li>\n<li>Conference<\/li>\n<li>Exhibition<\/li>\n<li>Etc&#8230;<\/li>\n<\/ul>\n<p>please contact <a href=\"mailto:logistique@ecoleartsutton.ca\">evenements@ecoleartsutton.ca<\/a>\u00a0 for more information <\/p>\n\t\t\t<a href=\"https:\/\/ecoleartsutton.ca\/wp-content\/uploads\/2024\/03\/GUIDE-DE-LOCATION-Ecole-dart-.pdf\" target=\"_blank\" rel=\"noopener\">\n\t\t\t\t\t\t Guide de location\n\t\t\t\t\t<\/a>\n<h2>\n\t\tNos espaces\n\t<\/h2>\n\t<p>D\u00e9couvrez l&#8217;inspiration infinie dans nos <strong>11 espaces uniques<\/strong>, o\u00f9 chaque coin est une toile pr\u00eate \u00e0 donner vie \u00e0 tous vos projets!<\/p>\n<h2>\n\t\tLE GRAND ESPACE\n\t<\/h2>\n\t\t\t<a href=\"https:\/\/ecoleartsutton.ca\/wp-content\/uploads\/2024\/03\/1.png\" target=\"_self\">\n\t\t\t\t\t\tPlan\n\t\t\t\t\t<\/a>\n\t\t\t\t<img loading=\"lazy\" decoding=\"async\" src=\"https:\/\/ecoleartsutton.ca\/wp-content\/uploads\/2024\/03\/DSC01014-scaled.jpeg\" alt=\"DSC01014\" itemprop=\"image\" height=\"1440\" width=\"2560\" title=\"DSC01014\" onerror=\"this.style.display='none'\"  \/>\n\t<p>D\u00e9couvrez notre spacieuse salle polyvalente dot\u00e9e d&#8217;une cuisine \/ bar fonctionnel.<\/p>\n<p><a href=\"https:\/\/ecoleartsutton.ca\/wp-content\/uploads\/2024\/03\/GRAND-ESPACE.pdf\"><em>En savoir plus<\/em><\/a><\/p>\n<h2>\n\t\tLE NOUVEL ESPACE\n\t<\/h2>\n\t\t\t<a href=\"https:\/\/ecoleartsutton.ca\/wp-content\/uploads\/2024\/03\/2.png\" target=\"_self\">\n\t\t\t\t\t\tPlan\n\t\t\t\t\t<\/a>\n\t\t\t\t<img loading=\"lazy\" decoding=\"async\" src=\"https:\/\/ecoleartsutton.ca\/wp-content\/uploads\/2024\/03\/Petit_Salon_du_Livre-2023_12_09-7367-scaled.jpeg\" alt=\"cr\u00e9dits photo : Mika Theimer\" itemprop=\"image\" height=\"1707\" width=\"2560\" title=\"Petit_Salon_du_Livre-2023_12_09-7367\" onerror=\"this.style.display='none'\"  \/>\n\t<p>Explorez notre salle adjacente au grand espace, un endroit un peu plus intime avec un grand potentiel.<\/p>\n<p><a href=\"https:\/\/ecoleartsutton.ca\/wp-content\/uploads\/2024\/03\/ESPACE-CONCEPTUEL.pdf\"><em>En savoir plus<\/em><\/a><\/p>\n<h2>\n\t\tL&#8217;ATRIUM\n\t<\/h2>\n\t\t\t<a href=\"https:\/\/ecoleartsutton.ca\/wp-content\/uploads\/2024\/03\/3.png\" target=\"_self\">\n\t\t\t\t\t\tPlan\n\t\t\t\t\t<\/a>\n\t\t\t\t<img loading=\"lazy\" decoding=\"async\" src=\"https:\/\/ecoleartsutton.ca\/wp-content\/uploads\/2024\/03\/DSC01024-scaled.jpeg\" alt=\"DSC01024\" itemprop=\"image\" height=\"2560\" width=\"1639\" title=\"DSC01024\" onerror=\"this.style.display='none'\"  \/>\n\t<p>Explorez notre espace tout blanc, baign\u00e9 de lumi\u00e8re naturelle gr\u00e2ce \u00e0 un puit de lumi\u00e8re, id\u00e9al pour une r\u00e9sidence d&#8217;artiste.<\/p>\n<p><a href=\"https:\/\/ecoleartsutton.ca\/wp-content\/uploads\/2024\/03\/ATRIUM.pdf\"><em>En savoir plus<\/em><\/a><\/p>\n<h2>\n\t\tESPACE CONCEPTUEL\n\t<\/h2>\n\t\t\t<a href=\"https:\/\/ecoleartsutton.ca\/wp-content\/uploads\/2024\/03\/4.png\" target=\"_self\">\n\t\t\t\t\t\tPlan\n\t\t\t\t\t<\/a>\n\t\t\t\t<img loading=\"lazy\" decoding=\"async\" src=\"https:\/\/ecoleartsutton.ca\/wp-content\/uploads\/2024\/03\/DSC01020-scaled.jpeg\" alt=\"DSC01020\" itemprop=\"image\" height=\"2560\" width=\"2028\" title=\"DSC01020\" onerror=\"this.style.display='none'\"  \/>\n\t<p>Salle caract\u00e9ris\u00e9e par un design \u00e9pur\u00e9 avec des murs en b\u00e9ton et une abondance de textures industrielles.<\/p>\n<p><a href=\"https:\/\/ecoleartsutton.ca\/wp-content\/uploads\/2024\/03\/ESPACE-CONCEPTUEL.pdf\"><em>En savoir plus<\/em><\/a><\/p>\n<h2>\n\t\tLE QUATRE PORTES\n\t<\/h2>\n\t\t\t<a href=\"https:\/\/ecoleartsutton.ca\/wp-content\/uploads\/2024\/03\/5.png\" target=\"_self\">\n\t\t\t\t\t\tPlan\n\t\t\t\t\t<\/a>\n\t\t\t\t<img loading=\"lazy\" decoding=\"async\" src=\"https:\/\/ecoleartsutton.ca\/wp-content\/uploads\/2024\/03\/Ecole_art_Sutton-2568.jpeg\" alt=\"Ecole_art_Sutton-2568\" itemprop=\"image\" height=\"1200\" width=\"1800\" title=\"Ecole_art_Sutton-2568\" onerror=\"this.style.display='none'\"  \/>\n\t<p>Bienvenue dans notre salle lumineuse et spacieuse, con\u00e7ue pour inspirer et \u00e9merveiller.<\/p>\n<p><a href=\"https:\/\/ecoleartsutton.ca\/wp-content\/uploads\/2024\/03\/QUATRE-PORTES.pdf\"><em>En savoir plus<\/em><\/a><\/p>\n<h2>\n\t\tLA BOUTIQUE\n\t<\/h2>\n\t\t\t<a href=\"https:\/\/ecoleartsutton.ca\/wp-content\/uploads\/2024\/03\/6.png\" target=\"_self\">\n\t\t\t\t\t\tPlan\n\t\t\t\t\t<\/a>\n\t\t\t\t<img loading=\"lazy\" decoding=\"async\" src=\"https:\/\/ecoleartsutton.ca\/wp-content\/uploads\/2024\/03\/Nocturnes-2023_09_22-0436.jpeg\" alt=\"Nocturnes-2023_09_22-0436\" itemprop=\"image\" height=\"1365\" width=\"2048\" title=\"Nocturnes-2023_09_22-0436\" onerror=\"this.style.display='none'\"  \/>\n\t<p>D\u00e9couvrez notre pi\u00e8ce avec multiples \u00e9tag\u00e8res murales, offrant un espace industriel unique o\u00f9 l&#8217;inspiration prend vie.\u00a0<\/p>\n<p><a href=\"https:\/\/ecoleartsutton.ca\/wp-content\/uploads\/2024\/03\/BOUTIQUE.pdf\"><em>En savoir plus<\/em><\/a><\/p>\n<h2>\n\t\tL&#8217;ATELIER SCULPTURE\n\t<\/h2>\n\t\t\t<a href=\"https:\/\/ecoleartsutton.ca\/wp-content\/uploads\/2024\/03\/7.png\" target=\"_self\">\n\t\t\t\t\t\tPlan\n\t\t\t\t\t<\/a>\n\t\t\t\t<img loading=\"lazy\" decoding=\"async\" src=\"https:\/\/ecoleartsutton.ca\/wp-content\/uploads\/2024\/03\/Screen-Shot-2024-01-15-at-1.48.13-PM.png\" alt=\"Screen Shot 2024-01-15 at 1.48.13 PM\" itemprop=\"image\" height=\"798\" width=\"533\" title=\"Screen Shot 2024-01-15 at 1.48.13 PM\" onerror=\"this.style.display='none'\"  \/>\n\t<p>Plongez dans notre pi\u00e8ce industrielle, o\u00f9 des plafonds vertigineux cr\u00e9ent une atmosph\u00e8re brute et authentique.<\/p>\n<p><a href=\"https:\/\/ecoleartsutton.ca\/wp-content\/uploads\/2024\/03\/SCULPTURE.pdf\"><em>En savoir plus<\/em><\/a><\/p>\n<h2>\n\t\tPASSAGE COUVERT\n\t<\/h2>\n\t\t\t<a href=\"https:\/\/ecoleartsutton.ca\/wp-content\/uploads\/2024\/03\/8.png\" target=\"_self\">\n\t\t\t\t\t\tPlan\n\t\t\t\t\t<\/a>\n\t\t\t\t<img loading=\"lazy\" decoding=\"async\" src=\"https:\/\/ecoleartsutton.ca\/wp-content\/uploads\/2024\/03\/Nocturnes-2023_09_22-0421.jpeg\" alt=\"Nocturnes-2023_09_22-0421\" itemprop=\"image\" height=\"1365\" width=\"2048\" title=\"Nocturnes-2023_09_22-0421\" onerror=\"this.style.display='none'\"  \/>\n\t<p><em>*Disponible sous peu<\/em><\/p>\n<p>Empruntez notre passage couvert et d\u00e9couvrez graduellement le grand terrain de jeux ext\u00e9rieur. <\/p>\n<p><a href=\"https:\/\/ecoleartsutton.ca\/wp-content\/uploads\/2024\/03\/PASSAGE-COUVERT.pdf\"><em>En savoir plus<\/em><\/a><\/p>\n<h2>\n\t\tLA GRANDE TABLE\n\t<\/h2>\n\t\t\t<a href=\"https:\/\/ecoleartsutton.ca\/wp-content\/uploads\/2024\/03\/9.png\" target=\"_self\">\n\t\t\t\t\t\tPlan\n\t\t\t\t\t<\/a>\n\t\t\t\t<img loading=\"lazy\" decoding=\"async\" src=\"https:\/\/ecoleartsutton.ca\/wp-content\/uploads\/2024\/03\/Ecole_art_Sutton-2467.jpeg\" alt=\"\u00c9cole art de Sutton Espace Grande Table\" itemprop=\"image\" height=\"1200\" width=\"1800\" title=\"\u00c9cole art de Sutton Espace Grande Table\" onerror=\"this.style.display='none'\"  \/>\n\t<p>Plongez dans l&#8217;atmosph\u00e8re chaleureuse de notre espace unique, nich\u00e9 dans une vieille grange. <\/p>\n<p><a href=\"https:\/\/ecoleartsutton.ca\/wp-content\/uploads\/2024\/03\/GRANDE-TABLE.pdf\"><em>En savoir plus<\/em><\/a><\/p>\n<h2>\n\t\tLA CABANE DE C\u00c8DRE\n\t<\/h2>\n\t\t\t<a href=\"https:\/\/ecoleartsutton.ca\/wp-content\/uploads\/2024\/03\/10.png\" target=\"_self\">\n\t\t\t\t\t\tPlan\n\t\t\t\t\t<\/a>\n\t\t\t\t<img loading=\"lazy\" decoding=\"async\" src=\"https:\/\/ecoleartsutton.ca\/wp-content\/uploads\/2024\/03\/DSC01053-scaled.jpeg\" alt=\"DSC01053\" itemprop=\"image\" height=\"1463\" width=\"2560\" title=\"DSC01053\" onerror=\"this.style.display='none'\"  \/>\n\t<p>D\u00e9couvrez notre seconde grange, adjacente \u00e0 une cuisine ext\u00e9rieure compl\u00e8te et au charmant jardin. <\/p>\n<p><a href=\"https:\/\/ecoleartsutton.ca\/wp-content\/uploads\/2024\/03\/CABANE-CEDRE.pdf\"><em>En savoir plus<\/em><\/a><\/p>\n<h2>\n\t\tLA CUISINE D&#8217;\u00c9T\u00c9\n\t<\/h2>\n\t\t\t<a href=\"https:\/\/ecoleartsutton.ca\/wp-content\/uploads\/2024\/03\/11.png\" target=\"_self\">\n\t\t\t\t\t\tPlan\n\t\t\t\t\t<\/a>\n\t\t\t\t<img loading=\"lazy\" decoding=\"async\" src=\"https:\/\/ecoleartsutton.ca\/wp-content\/uploads\/2024\/03\/Screen-Shot-2024-01-15-at-4.20.05-PM.png\" alt=\"Screen Shot 2024-01-15 at 4.20.05 PM\" itemprop=\"image\" height=\"438\" width=\"656\" title=\"Screen Shot 2024-01-15 at 4.20.05 PM\" onerror=\"this.style.display='none'\"  \/>\n\t<p>Explorez notre cuisine d&#8217;\u00e9t\u00e9 nich\u00e9e au c\u0153ur du jardin, o\u00f9 la simplicit\u00e9 rencontre la nature.<\/p>\n<p><a href=\"https:\/\/ecoleartsutton.ca\/wp-content\/uploads\/2024\/03\/CUISINE-DETE.pdf\"><em>En savoir plus<\/em><\/a><\/p>\n<h2>\n\t\tL&#8217;\u00c9COLE D&#8217;ART\n\t<\/h2>\n\t\t\t<a href=\"https:\/\/ecoleartsutton.ca\/wp-content\/uploads\/2024\/03\/lecole-dart.png\" target=\"_self\">\n\t\t\t\t\t\tPlan\n\t\t\t\t\t<\/a>\n\t\t\t\t<img loading=\"lazy\" decoding=\"async\" src=\"https:\/\/ecoleartsutton.ca\/wp-content\/uploads\/2024\/03\/Ecole_art_Sutton-2313.jpeg\" alt=\"Ecole_art_Sutton-2313\" itemprop=\"image\" height=\"1200\" width=\"1800\" title=\"Ecole_art_Sutton-2313\" onerror=\"this.style.display='none'\"  \/>\n\t<p>Lib\u00e9rez tout le potentiel cr\u00e9atif de notre \u00c9cole d&#8217;art en la louant dans son int\u00e9gralit\u00e9.<\/p>\n<p><a href=\"https:\/\/ecoleartsutton.ca\/wp-content\/uploads\/2024\/03\/CUISINE-DETE.pdf\"><em>En savoir plus<\/em><\/a><\/p>\n\n","protected":false},"excerpt":{"rendered":"<p>Rentals The Sutton school of Art is an industrial infrastructure housing a former dairy that is slowly evolving into a cultural environment dedicated to learning, the dissemination of art and community development in all its forms. In collaboration with the architectural firm IN SITU, the building has been redesigned to preserve the traces of the&hellip;<\/p>\n","protected":false},"author":18,"featured_media":0,"parent":0,"menu_order":100,"comment_status":"closed","ping_status":"closed","template":"","meta":{"footnotes":""},"class_list":["post-4058","page","type-page","status-publish","hentry"],"yoast_head":"<!-- This site is optimized with the Yoast SEO plugin v27.3 - https:\/\/yoast.com\/product\/yoast-seo-wordpress\/ -->\n<title>Rentals - \u00c9cole d\u2019art de Sutton<\/title>\n<meta name=\"robots\" content=\"index, follow, max-snippet:-1, max-image-preview:large, max-video-preview:-1\" \/>\n<link rel=\"canonical\" href=\"https:\/\/ecoleartsutton.ca\/en\/rentals\/\" \/>\n<meta property=\"og:locale\" content=\"en_US\" \/>\n<meta property=\"og:type\" content=\"article\" \/>\n<meta property=\"og:title\" content=\"Rentals - \u00c9cole d\u2019art de Sutton\" \/>\n<meta property=\"og:description\" content=\"Rentals The Sutton school of Art is an industrial infrastructure housing a former dairy that is slowly evolving into a cultural environment dedicated to learning, the dissemination of art and community development in all its forms. In collaboration with the architectural firm IN SITU, the building has been redesigned to preserve the traces of the&hellip;\" \/>\n<meta property=\"og:url\" content=\"https:\/\/ecoleartsutton.ca\/en\/rentals\/\" \/>\n<meta property=\"og:site_name\" content=\"\u00c9cole d\u2019art de Sutton\" \/>\n<meta property=\"article:modified_time\" content=\"2025-04-08T17:10:01+00:00\" \/>\n<meta property=\"og:image\" content=\"https:\/\/ecoleartsutton.ca\/wp-content\/uploads\/2024\/03\/DSC01014-scaled.jpeg\" \/>\n<meta name=\"twitter:card\" content=\"summary_large_image\" \/>\n<meta name=\"twitter:label1\" content=\"Est. reading time\" \/>\n\t<meta name=\"twitter:data1\" content=\"5 minutes\" \/>\n<script type=\"application\/ld+json\" class=\"yoast-schema-graph\">{\"@context\":\"https:\\\/\\\/schema.org\",\"@graph\":[{\"@type\":\"WebPage\",\"@id\":\"https:\\\/\\\/ecoleartsutton.ca\\\/en\\\/rentals\\\/\",\"url\":\"https:\\\/\\\/ecoleartsutton.ca\\\/en\\\/rentals\\\/\",\"name\":\"Rentals - \u00c9cole d\u2019art de Sutton\",\"isPartOf\":{\"@id\":\"https:\\\/\\\/ecoleartsutton.ca\\\/en\\\/#website\"},\"primaryImageOfPage\":{\"@id\":\"https:\\\/\\\/ecoleartsutton.ca\\\/en\\\/rentals\\\/#primaryimage\"},\"image\":{\"@id\":\"https:\\\/\\\/ecoleartsutton.ca\\\/en\\\/rentals\\\/#primaryimage\"},\"thumbnailUrl\":\"https:\\\/\\\/ecoleartsutton.ca\\\/wp-content\\\/uploads\\\/2024\\\/03\\\/DSC01014-scaled.jpeg\",\"datePublished\":\"2024-03-19T19:38:02+00:00\",\"dateModified\":\"2025-04-08T17:10:01+00:00\",\"breadcrumb\":{\"@id\":\"https:\\\/\\\/ecoleartsutton.ca\\\/en\\\/rentals\\\/#breadcrumb\"},\"inLanguage\":\"en-US\",\"potentialAction\":[{\"@type\":\"ReadAction\",\"target\":[\"https:\\\/\\\/ecoleartsutton.ca\\\/en\\\/rentals\\\/\"]}]},{\"@type\":\"ImageObject\",\"inLanguage\":\"en-US\",\"@id\":\"https:\\\/\\\/ecoleartsutton.ca\\\/en\\\/rentals\\\/#primaryimage\",\"url\":\"https:\\\/\\\/ecoleartsutton.ca\\\/wp-content\\\/uploads\\\/2024\\\/03\\\/DSC01014-scaled.jpeg\",\"contentUrl\":\"https:\\\/\\\/ecoleartsutton.ca\\\/wp-content\\\/uploads\\\/2024\\\/03\\\/DSC01014-scaled.jpeg\"},{\"@type\":\"BreadcrumbList\",\"@id\":\"https:\\\/\\\/ecoleartsutton.ca\\\/en\\\/rentals\\\/#breadcrumb\",\"itemListElement\":[{\"@type\":\"ListItem\",\"position\":1,\"name\":\"Accueil\",\"item\":\"https:\\\/\\\/ecoleartsutton.ca\\\/en\\\/\"},{\"@type\":\"ListItem\",\"position\":2,\"name\":\"Rentals\"}]},{\"@type\":\"WebSite\",\"@id\":\"https:\\\/\\\/ecoleartsutton.ca\\\/en\\\/#website\",\"url\":\"https:\\\/\\\/ecoleartsutton.ca\\\/en\\\/\",\"name\":\"\u00c9cole d\u2019art de Sutton\",\"description\":\"\",\"potentialAction\":[{\"@type\":\"SearchAction\",\"target\":{\"@type\":\"EntryPoint\",\"urlTemplate\":\"https:\\\/\\\/ecoleartsutton.ca\\\/en\\\/?s={search_term_string}\"},\"query-input\":{\"@type\":\"PropertyValueSpecification\",\"valueRequired\":true,\"valueName\":\"search_term_string\"}}],\"inLanguage\":\"en-US\"}]}<\/script>\n<!-- \/ Yoast SEO plugin. -->","yoast_head_json":{"title":"Rentals - \u00c9cole d\u2019art de Sutton","robots":{"index":"index","follow":"follow","max-snippet":"max-snippet:-1","max-image-preview":"max-image-preview:large","max-video-preview":"max-video-preview:-1"},"canonical":"https:\/\/ecoleartsutton.ca\/en\/rentals\/","og_locale":"en_US","og_type":"article","og_title":"Rentals - \u00c9cole d\u2019art de Sutton","og_description":"Rentals The Sutton school of Art is an industrial infrastructure housing a former dairy that is slowly evolving into a cultural environment dedicated to learning, the dissemination of art and community development in all its forms. In collaboration with the architectural firm IN SITU, the building has been redesigned to preserve the traces of the&hellip;","og_url":"https:\/\/ecoleartsutton.ca\/en\/rentals\/","og_site_name":"\u00c9cole d\u2019art de Sutton","article_modified_time":"2025-04-08T17:10:01+00:00","og_image":[{"url":"https:\/\/ecoleartsutton.ca\/wp-content\/uploads\/2024\/03\/DSC01014-scaled.jpeg","type":"","width":"","height":""}],"twitter_card":"summary_large_image","twitter_misc":{"Est. reading time":"5 minutes"},"schema":{"@context":"https:\/\/schema.org","@graph":[{"@type":"WebPage","@id":"https:\/\/ecoleartsutton.ca\/en\/rentals\/","url":"https:\/\/ecoleartsutton.ca\/en\/rentals\/","name":"Rentals - \u00c9cole d\u2019art de Sutton","isPartOf":{"@id":"https:\/\/ecoleartsutton.ca\/en\/#website"},"primaryImageOfPage":{"@id":"https:\/\/ecoleartsutton.ca\/en\/rentals\/#primaryimage"},"image":{"@id":"https:\/\/ecoleartsutton.ca\/en\/rentals\/#primaryimage"},"thumbnailUrl":"https:\/\/ecoleartsutton.ca\/wp-content\/uploads\/2024\/03\/DSC01014-scaled.jpeg","datePublished":"2024-03-19T19:38:02+00:00","dateModified":"2025-04-08T17:10:01+00:00","breadcrumb":{"@id":"https:\/\/ecoleartsutton.ca\/en\/rentals\/#breadcrumb"},"inLanguage":"en-US","potentialAction":[{"@type":"ReadAction","target":["https:\/\/ecoleartsutton.ca\/en\/rentals\/"]}]},{"@type":"ImageObject","inLanguage":"en-US","@id":"https:\/\/ecoleartsutton.ca\/en\/rentals\/#primaryimage","url":"https:\/\/ecoleartsutton.ca\/wp-content\/uploads\/2024\/03\/DSC01014-scaled.jpeg","contentUrl":"https:\/\/ecoleartsutton.ca\/wp-content\/uploads\/2024\/03\/DSC01014-scaled.jpeg"},{"@type":"BreadcrumbList","@id":"https:\/\/ecoleartsutton.ca\/en\/rentals\/#breadcrumb","itemListElement":[{"@type":"ListItem","position":1,"name":"Accueil","item":"https:\/\/ecoleartsutton.ca\/en\/"},{"@type":"ListItem","position":2,"name":"Rentals"}]},{"@type":"WebSite","@id":"https:\/\/ecoleartsutton.ca\/en\/#website","url":"https:\/\/ecoleartsutton.ca\/en\/","name":"\u00c9cole d\u2019art de Sutton","description":"","potentialAction":[{"@type":"SearchAction","target":{"@type":"EntryPoint","urlTemplate":"https:\/\/ecoleartsutton.ca\/en\/?s={search_term_string}"},"query-input":{"@type":"PropertyValueSpecification","valueRequired":true,"valueName":"search_term_string"}}],"inLanguage":"en-US"}]}},"_links":{"self":[{"href":"https:\/\/ecoleartsutton.ca\/en\/wp-json\/wp\/v2\/pages\/4058","targetHints":{"allow":["GET"]}}],"collection":[{"href":"https:\/\/ecoleartsutton.ca\/en\/wp-json\/wp\/v2\/pages"}],"about":[{"href":"https:\/\/ecoleartsutton.ca\/en\/wp-json\/wp\/v2\/types\/page"}],"author":[{"embeddable":true,"href":"https:\/\/ecoleartsutton.ca\/en\/wp-json\/wp\/v2\/users\/18"}],"replies":[{"embeddable":true,"href":"https:\/\/ecoleartsutton.ca\/en\/wp-json\/wp\/v2\/comments?post=4058"}],"version-history":[{"count":5,"href":"https:\/\/ecoleartsutton.ca\/en\/wp-json\/wp\/v2\/pages\/4058\/revisions"}],"predecessor-version":[{"id":6152,"href":"https:\/\/ecoleartsutton.ca\/en\/wp-json\/wp\/v2\/pages\/4058\/revisions\/6152"}],"wp:attachment":[{"href":"https:\/\/ecoleartsutton.ca\/en\/wp-json\/wp\/v2\/media?parent=4058"}],"curies":[{"name":"wp","href":"https:\/\/api.w.org\/{rel}","templated":true}]}}