{"id":4038,"date":"2024-03-19T15:35:24","date_gmt":"2024-03-19T19:35:24","guid":{"rendered":"https:\/\/ecoleartsutton.ca\/?page_id=4038"},"modified":"2024-03-19T15:35:25","modified_gmt":"2024-03-19T19:35:25","slug":"a-propos-copy-copy","status":"publish","type":"page","link":"https:\/\/ecoleartsutton.ca\/en\/a-propos-copy-copy\/","title":{"rendered":"Programs"},"content":{"rendered":"\n<h2>\n\t\tPrograms\n\t<\/h2>\n<h5>\n\t\tThe Sutton School of Art offers a wide range of family programs and activities on the themes of literature, visual art, film, music and much more!\n\t<\/h5>\n\t\t\t\t<img loading=\"lazy\" decoding=\"async\" src=\"https:\/\/ecoleartsutton.ca\/wp-content\/uploads\/bb-plugin\/cache\/camps-dete-ecole-dart-de-sutton-square-6e64918cc3c08fa191fcfe53e165d286-.png\" alt=\"camps d&#039;\u00e9t\u00e9 ecole d&#039;art de sutton\" itemprop=\"image\" height=\"1132\" width=\"1394\" title=\"camps d&#039;\u00e9t\u00e9 ecole d&#039;art de sutton\" onerror=\"this.style.display='none'\"  \/>\n\t\t<h5>Summer Camps<\/h5><ul>\n<li>A meeting with artists accompanied by camp counsellors<\/li>\n<li>3 different theme camps per week for ages 6 to 12<\/li>\n<li>Teen camps<\/li>\n<li>On-site kitchen staff<\/li>\n<li>Vernissage every week<\/li>\n<\/ul>\n\t\t\t\t<img loading=\"lazy\" decoding=\"async\" src=\"https:\/\/ecoleartsutton.ca\/wp-content\/uploads\/bb-plugin\/cache\/LABO-ARTgeneric-square-715d6168690323e30b8337e6281f8512-.png\" alt=\"LABO-ART \u00c9cole art de sutton\" itemprop=\"image\" height=\"2048\" width=\"2039\" title=\"LABO-ART \u00c9cole art de sutton\" onerror=\"this.style.display='none'\"  \/>\n\t\t<h5>The Art Lab<\/h5><ul>\n<li>Open-ended parent-child art workshops every Sunday in the summer<\/li>\n<li>Access to an extensive range of materials<\/li>\n<li>Assistance with creative explorations<\/li>\n<\/ul>\n\t\t\t\t<img loading=\"lazy\" decoding=\"async\" src=\"https:\/\/ecoleartsutton.ca\/wp-content\/uploads\/bb-plugin\/cache\/exposition-ecole-dart-de-sutton-square-e25a99bf65373eedef04a9732859141e-.png\" alt=\"exposition \u00e9cole d&#039;art de sutton\" itemprop=\"image\" height=\"1132\" width=\"1546\" title=\"exposition \u00e9cole d&#039;art de sutton\" onerror=\"this.style.display='none'\"  \/>\n\t\t<h5>Exhibitions<\/h5><ul>\n<li>Exhibitions by artists in residence<\/li>\n<li>Art camp openings<\/li>\n<li>Plant Discovery Exhibitions<\/li>\n<li>Exhibitions of children&#8217;s collective work<\/li>\n<\/ul>\n\t\t\t\t<img loading=\"lazy\" decoding=\"async\" src=\"https:\/\/ecoleartsutton.ca\/wp-content\/uploads\/bb-plugin\/cache\/nocturnes-ecole-dart-de-sutton-square-8e8e65bdb5c05d03ae73e9484b3a68ab-.png\" alt=\"nocturnes \u00e9cole d&#039;art de sutton\" itemprop=\"image\" height=\"1126\" width=\"1540\" title=\"nocturnes \u00e9cole d&#039;art de sutton\" onerror=\"this.style.display='none'\"  \/>\n\t\t<h5>The Nocturnes<\/h5><ul>\n<li>Quebec auteur cinema under the stars<\/li>\n<li>Outdoor screenings (and indoors in case of rain)<\/li>\n<li>Meet the filmmakers<\/li>\n<li>Musical performances<\/li>\n<\/ul>\n\t\t\t\t<img loading=\"lazy\" decoding=\"async\" src=\"https:\/\/ecoleartsutton.ca\/wp-content\/uploads\/bb-plugin\/cache\/photo-salon-2023-scaled-square-af72f2c217c035b70e9daa43dc025579-.jpg\" alt=\"photo salon 2023\" itemprop=\"image\" height=\"1440\" width=\"2560\" title=\"photo salon 2023\" onerror=\"this.style.display='none'\"  \/>\n\t\t<h5>The Little Book Fair<\/h5><ul>\n<li>Literary rendez-vous for local authors<\/li>\n<li>Conferences, roundtables and launches<\/li>\n<li>Book signings<\/li>\n<li>Children&#8217;s literature<\/li>\n<\/ul>\n\t\t\t\t<img loading=\"lazy\" decoding=\"async\" src=\"https:\/\/ecoleartsutton.ca\/wp-content\/uploads\/bb-plugin\/cache\/printemps-de-larchitecture-ecole-dart-de-sutton--square-04730ddd9d1f04908252bedb63de6ce7-.png\" alt=\"printemps de l&#039;architecture \u00e9cole d&#039;art de sutton\" itemprop=\"image\" height=\"1156\" width=\"1126\" title=\"printemps de l&#039;architecture \u00e9cole d&#039;art de sutton\" onerror=\"this.style.display='none'\"  \/>\n\t\t<h5>Architecture Spring<\/h5><ul>\n<li>Architectural residencies<\/li>\n<li>Family workshops<\/li>\n<li>Lab \u00c9cole guided tours<\/li>\n<li>School outings<\/li>\n<\/ul>\n\t\t\t\t<img loading=\"lazy\" decoding=\"async\" src=\"https:\/\/ecoleartsutton.ca\/wp-content\/uploads\/bb-plugin\/cache\/journees-de-la-culture-ecole-dart-de-sutton-portes-ouvertes-1024x784-square-ef5fb56080714a12815c0c46e4c374c8-.png\" alt=\"journ\u00e9es de la culture \u00e9cole d&#039;art de sutton portes ouvertes\" itemprop=\"image\" height=\"784\" width=\"1024\" title=\"journ\u00e9es de la culture \u00e9cole d&#039;art de sutton portes ouvertes\" onerror=\"this.style.display='none'\"  \/>\n\t\t<h5>Open house for Journ\u00e9es de la culture<\/h5><ul>\n<li>Exhibition of children&#8217;s collective works from summer art camps<\/li>\n<li>Free access for all<\/li>\n<li>Live music<\/li>\n<li>School group visits<\/li>\n<\/ul>\n\t\t\t\t<img loading=\"lazy\" decoding=\"async\" src=\"https:\/\/ecoleartsutton.ca\/wp-content\/uploads\/bb-plugin\/cache\/concerts-ecole-dart-de-sutton-square-a2f271ec20240128e10e4663f7db7231-.png\" alt=\"concerts \u00e9cole d&#039;art de sutton\" itemprop=\"image\" height=\"1140\" width=\"1590\" title=\"concerts \u00e9cole d&#039;art de sutton\" onerror=\"this.style.display='none'\"  \/>\n\t\t<h5>Concerts<\/h5><ul>\n<li>A series of indoor and outdoor concerts for the whole family<\/li>\n<li>Discover local musical artists<\/li>\n<\/ul>\n\n","protected":false},"excerpt":{"rendered":"<p>Programs The Sutton School of Art offers a wide range of family programs and activities on the themes of literature, visual art, film, music and much more! Summer Camps A meeting with artists accompanied by camp counsellors 3 different theme camps per week for ages 6 to 12 Teen camps On-site kitchen staff Vernissage every&hellip;<\/p>\n","protected":false},"author":18,"featured_media":0,"parent":0,"menu_order":10,"comment_status":"closed","ping_status":"closed","template":"","meta":{"footnotes":""},"class_list":["post-4038","page","type-page","status-publish","hentry"],"yoast_head":"<!-- This site is optimized with the Yoast SEO plugin v27.5 - https:\/\/yoast.com\/product\/yoast-seo-wordpress\/ -->\n<title>Programs - \u00c9cole d\u2019art de Sutton<\/title>\n<meta name=\"description\" content=\"L\u2019\u00c9cole d\u2019art de Sutton est un organisme \u00e0 but non lucratif d\u00e9di\u00e9 \u00e0 l\u2019\u00e9veil artistique des enfants visant l&quot;\u00e9panouissement par des exp\u00e9riences de cr\u00e9ation.\" \/>\n<meta name=\"robots\" content=\"index, follow, max-snippet:-1, max-image-preview:large, max-video-preview:-1\" \/>\n<link rel=\"canonical\" href=\"https:\/\/ecoleartsutton.ca\/en\/a-propos-copy-copy\/\" \/>\n<meta property=\"og:locale\" content=\"en_US\" \/>\n<meta property=\"og:type\" content=\"article\" \/>\n<meta property=\"og:title\" content=\"Programs - \u00c9cole d\u2019art de Sutton\" \/>\n<meta property=\"og:description\" content=\"L\u2019\u00c9cole d\u2019art de Sutton est un organisme \u00e0 but non lucratif d\u00e9di\u00e9 \u00e0 l\u2019\u00e9veil artistique des enfants visant l&quot;\u00e9panouissement par des exp\u00e9riences de cr\u00e9ation.\" \/>\n<meta property=\"og:url\" content=\"https:\/\/ecoleartsutton.ca\/en\/a-propos-copy-copy\/\" \/>\n<meta property=\"og:site_name\" content=\"\u00c9cole d\u2019art de Sutton\" \/>\n<meta property=\"article:modified_time\" content=\"2024-03-19T19:35:25+00:00\" \/>\n<meta property=\"og:image\" content=\"https:\/\/ecoleartsutton.ca\/wp-content\/uploads\/2023\/02\/printempsdelarchitecture.jpg\" \/>\n\t<meta property=\"og:image:width\" content=\"2000\" \/>\n\t<meta property=\"og:image:height\" content=\"1504\" \/>\n\t<meta property=\"og:image:type\" content=\"image\/jpeg\" \/>\n<meta name=\"twitter:card\" content=\"summary_large_image\" \/>\n<meta name=\"twitter:label1\" content=\"Est. reading time\" \/>\n\t<meta name=\"twitter:data1\" content=\"3 minutes\" \/>\n<script type=\"application\/ld+json\" class=\"yoast-schema-graph\">{\"@context\":\"https:\\\/\\\/schema.org\",\"@graph\":[{\"@type\":\"WebPage\",\"@id\":\"https:\\\/\\\/ecoleartsutton.ca\\\/en\\\/a-propos-copy-copy\\\/\",\"url\":\"https:\\\/\\\/ecoleartsutton.ca\\\/en\\\/a-propos-copy-copy\\\/\",\"name\":\"Programs - \u00c9cole d\u2019art de Sutton\",\"isPartOf\":{\"@id\":\"https:\\\/\\\/ecoleartsutton.ca\\\/en\\\/#website\"},\"primaryImageOfPage\":{\"@id\":\"https:\\\/\\\/ecoleartsutton.ca\\\/en\\\/a-propos-copy-copy\\\/#primaryimage\"},\"image\":{\"@id\":\"https:\\\/\\\/ecoleartsutton.ca\\\/en\\\/a-propos-copy-copy\\\/#primaryimage\"},\"thumbnailUrl\":\"https:\\\/\\\/ecoleartsutton.ca\\\/wp-content\\\/uploads\\\/bb-plugin\\\/cache\\\/camps-dete-ecole-dart-de-sutton-square-6e64918cc3c08fa191fcfe53e165d286-.png\",\"datePublished\":\"2024-03-19T19:35:24+00:00\",\"dateModified\":\"2024-03-19T19:35:25+00:00\",\"description\":\"L\u2019\u00c9cole d\u2019art de Sutton est un organisme \u00e0 but non lucratif d\u00e9di\u00e9 \u00e0 l\u2019\u00e9veil artistique des enfants visant l\\\"\u00e9panouissement par des exp\u00e9riences de cr\u00e9ation.\",\"breadcrumb\":{\"@id\":\"https:\\\/\\\/ecoleartsutton.ca\\\/en\\\/a-propos-copy-copy\\\/#breadcrumb\"},\"inLanguage\":\"en-US\",\"potentialAction\":[{\"@type\":\"ReadAction\",\"target\":[\"https:\\\/\\\/ecoleartsutton.ca\\\/en\\\/a-propos-copy-copy\\\/\"]}]},{\"@type\":\"ImageObject\",\"inLanguage\":\"en-US\",\"@id\":\"https:\\\/\\\/ecoleartsutton.ca\\\/en\\\/a-propos-copy-copy\\\/#primaryimage\",\"url\":\"https:\\\/\\\/ecoleartsutton.ca\\\/wp-content\\\/uploads\\\/bb-plugin\\\/cache\\\/camps-dete-ecole-dart-de-sutton-square-6e64918cc3c08fa191fcfe53e165d286-.png\",\"contentUrl\":\"https:\\\/\\\/ecoleartsutton.ca\\\/wp-content\\\/uploads\\\/bb-plugin\\\/cache\\\/camps-dete-ecole-dart-de-sutton-square-6e64918cc3c08fa191fcfe53e165d286-.png\"},{\"@type\":\"BreadcrumbList\",\"@id\":\"https:\\\/\\\/ecoleartsutton.ca\\\/en\\\/a-propos-copy-copy\\\/#breadcrumb\",\"itemListElement\":[{\"@type\":\"ListItem\",\"position\":1,\"name\":\"Accueil\",\"item\":\"https:\\\/\\\/ecoleartsutton.ca\\\/en\\\/welcome\\\/\"},{\"@type\":\"ListItem\",\"position\":2,\"name\":\"Programs\"}]},{\"@type\":\"WebSite\",\"@id\":\"https:\\\/\\\/ecoleartsutton.ca\\\/en\\\/#website\",\"url\":\"https:\\\/\\\/ecoleartsutton.ca\\\/en\\\/\",\"name\":\"\u00c9cole d\u2019art de Sutton\",\"description\":\"\",\"potentialAction\":[{\"@type\":\"SearchAction\",\"target\":{\"@type\":\"EntryPoint\",\"urlTemplate\":\"https:\\\/\\\/ecoleartsutton.ca\\\/en\\\/?s={search_term_string}\"},\"query-input\":{\"@type\":\"PropertyValueSpecification\",\"valueRequired\":true,\"valueName\":\"search_term_string\"}}],\"inLanguage\":\"en-US\"}]}<\/script>\n<!-- \/ Yoast SEO plugin. -->","yoast_head_json":{"title":"Programs - \u00c9cole d\u2019art de Sutton","description":"L\u2019\u00c9cole d\u2019art de Sutton est un organisme \u00e0 but non lucratif d\u00e9di\u00e9 \u00e0 l\u2019\u00e9veil artistique des enfants visant l\"\u00e9panouissement par des exp\u00e9riences de cr\u00e9ation.","robots":{"index":"index","follow":"follow","max-snippet":"max-snippet:-1","max-image-preview":"max-image-preview:large","max-video-preview":"max-video-preview:-1"},"canonical":"https:\/\/ecoleartsutton.ca\/en\/a-propos-copy-copy\/","og_locale":"en_US","og_type":"article","og_title":"Programs - \u00c9cole d\u2019art de Sutton","og_description":"L\u2019\u00c9cole d\u2019art de Sutton est un organisme \u00e0 but non lucratif d\u00e9di\u00e9 \u00e0 l\u2019\u00e9veil artistique des enfants visant l\"\u00e9panouissement par des exp\u00e9riences de cr\u00e9ation.","og_url":"https:\/\/ecoleartsutton.ca\/en\/a-propos-copy-copy\/","og_site_name":"\u00c9cole d\u2019art de Sutton","article_modified_time":"2024-03-19T19:35:25+00:00","og_image":[{"width":2000,"height":1504,"url":"https:\/\/ecoleartsutton.ca\/wp-content\/uploads\/2023\/02\/printempsdelarchitecture.jpg","type":"image\/jpeg"}],"twitter_card":"summary_large_image","twitter_misc":{"Est. reading time":"3 minutes"},"schema":{"@context":"https:\/\/schema.org","@graph":[{"@type":"WebPage","@id":"https:\/\/ecoleartsutton.ca\/en\/a-propos-copy-copy\/","url":"https:\/\/ecoleartsutton.ca\/en\/a-propos-copy-copy\/","name":"Programs - \u00c9cole d\u2019art de Sutton","isPartOf":{"@id":"https:\/\/ecoleartsutton.ca\/en\/#website"},"primaryImageOfPage":{"@id":"https:\/\/ecoleartsutton.ca\/en\/a-propos-copy-copy\/#primaryimage"},"image":{"@id":"https:\/\/ecoleartsutton.ca\/en\/a-propos-copy-copy\/#primaryimage"},"thumbnailUrl":"https:\/\/ecoleartsutton.ca\/wp-content\/uploads\/bb-plugin\/cache\/camps-dete-ecole-dart-de-sutton-square-6e64918cc3c08fa191fcfe53e165d286-.png","datePublished":"2024-03-19T19:35:24+00:00","dateModified":"2024-03-19T19:35:25+00:00","description":"L\u2019\u00c9cole d\u2019art de Sutton est un organisme \u00e0 but non lucratif d\u00e9di\u00e9 \u00e0 l\u2019\u00e9veil artistique des enfants visant l\"\u00e9panouissement par des exp\u00e9riences de cr\u00e9ation.","breadcrumb":{"@id":"https:\/\/ecoleartsutton.ca\/en\/a-propos-copy-copy\/#breadcrumb"},"inLanguage":"en-US","potentialAction":[{"@type":"ReadAction","target":["https:\/\/ecoleartsutton.ca\/en\/a-propos-copy-copy\/"]}]},{"@type":"ImageObject","inLanguage":"en-US","@id":"https:\/\/ecoleartsutton.ca\/en\/a-propos-copy-copy\/#primaryimage","url":"https:\/\/ecoleartsutton.ca\/wp-content\/uploads\/bb-plugin\/cache\/camps-dete-ecole-dart-de-sutton-square-6e64918cc3c08fa191fcfe53e165d286-.png","contentUrl":"https:\/\/ecoleartsutton.ca\/wp-content\/uploads\/bb-plugin\/cache\/camps-dete-ecole-dart-de-sutton-square-6e64918cc3c08fa191fcfe53e165d286-.png"},{"@type":"BreadcrumbList","@id":"https:\/\/ecoleartsutton.ca\/en\/a-propos-copy-copy\/#breadcrumb","itemListElement":[{"@type":"ListItem","position":1,"name":"Accueil","item":"https:\/\/ecoleartsutton.ca\/en\/welcome\/"},{"@type":"ListItem","position":2,"name":"Programs"}]},{"@type":"WebSite","@id":"https:\/\/ecoleartsutton.ca\/en\/#website","url":"https:\/\/ecoleartsutton.ca\/en\/","name":"\u00c9cole d\u2019art de Sutton","description":"","potentialAction":[{"@type":"SearchAction","target":{"@type":"EntryPoint","urlTemplate":"https:\/\/ecoleartsutton.ca\/en\/?s={search_term_string}"},"query-input":{"@type":"PropertyValueSpecification","valueRequired":true,"valueName":"search_term_string"}}],"inLanguage":"en-US"}]}},"_links":{"self":[{"href":"https:\/\/ecoleartsutton.ca\/en\/wp-json\/wp\/v2\/pages\/4038","targetHints":{"allow":["GET"]}}],"collection":[{"href":"https:\/\/ecoleartsutton.ca\/en\/wp-json\/wp\/v2\/pages"}],"about":[{"href":"https:\/\/ecoleartsutton.ca\/en\/wp-json\/wp\/v2\/types\/page"}],"author":[{"embeddable":true,"href":"https:\/\/ecoleartsutton.ca\/en\/wp-json\/wp\/v2\/users\/18"}],"replies":[{"embeddable":true,"href":"https:\/\/ecoleartsutton.ca\/en\/wp-json\/wp\/v2\/comments?post=4038"}],"version-history":[{"count":4,"href":"https:\/\/ecoleartsutton.ca\/en\/wp-json\/wp\/v2\/pages\/4038\/revisions"}],"predecessor-version":[{"id":4069,"href":"https:\/\/ecoleartsutton.ca\/en\/wp-json\/wp\/v2\/pages\/4038\/revisions\/4069"}],"wp:attachment":[{"href":"https:\/\/ecoleartsutton.ca\/en\/wp-json\/wp\/v2\/media?parent=4038"}],"curies":[{"name":"wp","href":"https:\/\/api.w.org\/{rel}","templated":true}]}}