{"id":3462,"date":"2023-05-17T14:50:07","date_gmt":"2023-05-17T18:50:07","guid":{"rendered":"https:\/\/ecoleartsutton.ca\/about-us\/"},"modified":"2026-01-31T10:52:16","modified_gmt":"2026-01-31T15:52:16","slug":"about-us","status":"publish","type":"page","link":"https:\/\/ecoleartsutton.ca\/en\/about-us\/","title":{"rendered":"About us"},"content":{"rendered":"\n\n\t<h4>Mission<\/h4>\nThe Sutton School of Art is a non-profit organization dedicated<br \/>\nto the artistic awakening of children through access to various visual arts techniques and epxressions.\n<figure itemscope itemtype=\"https:\/\/schema.org\/ImageObject\">\n\t\t\t\t<img decoding=\"async\" src=\"https:\/\/ecoleartsutton.ca\/wp-content\/uploads\/2020\/06\/Logo_contour_blanc.png\" alt=\"Logo \u00c9cole d&#039;art de Sutton\" height=\"400\" width=\"400\" title=\"Logo \u00c9cole d&#039;art de Sutton\" onerror=\"this.style.display='none'\" loading=\"lazy\" \/>\n\t<\/figure>\n\t<p>The Sutton School of Art is a multidisciplinary and intersectoral art center working to bring together artists and children, dedicated to free explorations and artistic presentations through exhibitions, screenings, performances and artist residencies in research-creation.<\/p>\n<p>Since its opening in 2016, the non-profit organization has been committed to the development of youth and artists, and our extensive programming aims to develop their full creative potential.<\/p>\n\t<p>Passionate about the arts since childhood, I studied art history and cultural management.<\/p>\n<p>For me, happiness means meeting artists and exploring the world through new experiences and through travel.<\/p>\n<p>When my children were born, I chose to offer them an artistic education through a project that would bring the community together.&#8221;<\/p>\n<em>Anne-Marie Lavigne,<br \/>\n<\/em>Founder and Executive Director\n<h3>\n\t\t\tVision\t<\/h3>\n\t<p>The Sutton School of Art is a place where art is a process of free expression. Artistic practices are expressed on a daily basis through unique experiences and collective creations. Individual explorations in art enable not only personal growth but also social engagement.<\/p>\n\t<figure itemscope itemtype=\"https:\/\/schema.org\/ImageObject\">\n\t\t\t\t<img decoding=\"async\" src=\"https:\/\/ecoleartsutton.ca\/wp-content\/uploads\/bb-plugin\/cache\/Vision1-square-06ddfed0554b52ad8c74419a0189a710-.jpg\" alt=\"Vision1\" height=\"206\" width=\"206\" title=\"Vision1\" onerror=\"this.style.display='none'\" loading=\"lazy\" \/>\n\t<\/figure>\n\t\t<h5>Content \/ experiences that recharge your batteries<\/h5><p>We offer a wide range of activities for people of all ages. We engage in ongoing reflection on the meaning of creation and the place of art in society.<\/p>\n\t<figure itemscope itemtype=\"https:\/\/schema.org\/ImageObject\">\n\t\t\t\t<img decoding=\"async\" src=\"https:\/\/ecoleartsutton.ca\/wp-content\/uploads\/bb-plugin\/cache\/Vision2-square-a05edad5084979839ca1f68b95fa2cbd-.jpg\" alt=\"Vision2\" height=\"430\" width=\"432\" title=\"Vision2\" onerror=\"this.style.display='none'\" loading=\"lazy\" \/>\n\t<\/figure>\n\t\t<h5>Opening \/ meetings to exchange ideas<\/h5><p>We encourage interactions between guest artists, filmmakers and authors, cultural organizations, communities and families. Disseminating works of art enables us to share knowledge and open up dialogue.<\/p>\n\t<figure itemscope itemtype=\"https:\/\/schema.org\/ImageObject\">\n\t\t\t\t<img decoding=\"async\" src=\"https:\/\/ecoleartsutton.ca\/wp-content\/uploads\/bb-plugin\/cache\/Vision3-square-cc531a91ae0a30fe6605c0b639d1b33c-.jpg\" alt=\"Vision3\" height=\"360\" width=\"540\" title=\"Vision3\" onerror=\"this.style.display='none'\" loading=\"lazy\" \/>\n\t<\/figure>\n\t\t<h5>Place \/ a space to settle<\/h5><p>Our site is made up of creative spaces full of life and in constant motion. And is a playground for exploration. It&#8217;s a cross between an art gallery and a large, cosy country house.<\/p>\n\t<figure itemscope itemtype=\"https:\/\/schema.org\/ImageObject\">\n\t\t\t\t<img decoding=\"async\" src=\"https:\/\/ecoleartsutton.ca\/wp-content\/uploads\/bb-plugin\/cache\/vision4-square-6a52ca552ff7036f224976fb6f239365-.jpg\" alt=\"vision4\" height=\"615\" width=\"410\" title=\"vision4\" onerror=\"this.style.display='none'\" loading=\"lazy\" \/>\n\t<\/figure>\n\t\t<h5>Destination \/ moments of wonder<\/h5><p>As a cultural and tourist destination in the Eastern Townships, you can enjoy multidisciplinary exhibitions, unique workshops and unique events. It&#8217;s also an opportunity to discover young artists through their first artworks.<\/p>\n<h3>\n\t\t\tStatement of values\t<\/h3>\n<h2>\n\t\t\t01\t<\/h2>\n<h5>\n\t\t\tOf service to children\t<\/h5>\n\t<p>We are an art school rooted in the community, serving families year-round, and a rallying place that fosters social diversity.<\/p>\n<h2>\n\t\t\t02\t<\/h2>\n<h5>\n\t\t\tNOURISH CREATIVITY\t<\/h5>\n\t<p>We offer an art education through meaningful encounters with artists and their work. The transformative power of the arts fosters innovation, self-discovery and a deeper sense of belonging and community.<\/p>\n<h2>\n\t\t\t03\t<\/h2>\n<h5>\n\t\t\tSTIMULATING DIALOGUE\t<\/h5>\n\t<p>Reflecting on the meaning of art and humanity is central to our programming. We invite young people to take part in conversations and reflect on solutions to the challenges of shaping our societies.<\/p>\n<h2>\n\t\t\t04\t<\/h2>\n<h5>\n\t\t\tENCOURAGE SHARING\t<\/h5>\n\t<p>We&#8217;re an organization that fosters the collective wealth of the whole community, and the sharing of knowledge, spaces, tools, ideas and assets. The Art School was built and continues to evolve thanks to the donations and generosity of our partners.<\/p>\n<h2>\n\t\t\t05\t<\/h2>\n<h5>\n\t\t\tAPPRECIATE CULTURAL DIVERSITY\t<\/h5>\n\tThe local heritage is showcased in our school by our<br \/>\nThe region&#8217;s heritage is enhanced in our school by our objective to offer bilingual programs in French and English, and to promote Aboriginal languages such as Abenaki. Hosting international artistic delegations opens up new cultural horizons.\n<h3>\n\t\t\tHistory\t<\/h3>\n\t\t\t\t\t\t\t<h3>2016<\/h3>\n\t\t\t\t\t\t\t<h5>Volunteering<\/h5>\n<p>Designing ballet sets with 200 children. Students create a mural in the Sutton elementary school cafeteria, in collaboration with the mural artist MC&nbsp;Baldassari<\/p>\n\t\t\t\t\t\t\t<h3>2017 &#8211; 2018<\/h3>\n\t\t\t\t\t\t\t<h4>First weeks of art camps<\/h4><p>Welcoming 24 children over 2 weeks, with the expertise of some 20 artists.<br \/>The architectural exploration camp presents its achievements at the Palais des congr\u00e8s de Montr\u00e9al. The school&#8217;s first summer pavilion is designed in collaboration with architect Pierre Thibault.<\/p>\t\t\t\t\t\t\t\t\t\t\t\t\t\n\t\t\t\t\t\t\t<h3>2019<\/h3>\n\t\t\t\t\t\t\t<h4>Purchase of the former Sutton creamery<\/h4><p><img loading=\"lazy\" decoding=\"async\" src=\"https:\/\/ecoleartsutton.ca\/wp-content\/uploads\/2023\/05\/5_2_LaiterieSutton-stand-a-lait_web.jpg\" alt=\"\" width=\"600\" height=\"468\"\/><br \/>Second year of architecture camps, third year of art camps and increased capacity of 500 visitors.<\/p>\t\t\t\t\t\t\t\t\t\t\t\t\t\n\t\t\t\t\t\t\t<h3>2020-2021<\/h3>\n\t\t\t\t\t\t\t<h4>Maintaining comprehensive programming<\/h4><p>Full summer operation during the pandemic, with around 100 children enrolled. Founding of the Board of Directors, first artist residencies, first Open House, first small Book Fairs.<\/p>\t\t\t\t\t\t\t\t\t\t\t\t\t\n\t\t\t\t\t\t\t<h3>2022<\/h3>\n\t\t\t\t\t\t\t<h4>Consolidation phase<\/h4><p>20,000 visitors annually: 24 camps offered, 80 authors invited to the Little Book Fair, 14 Qu\u00e9b\u00e9cois films screened. New partnerships with organizations such as La Soci\u00e9t\u00e9 des arts technologiques de Montr\u00e9al, La Maison de l&#8217;architecture du Qu\u00e9bec, Vermont&#8217;s Bread and Puppet Theater and the Knowlton Film Festival.<\/p>\t\t\t\t\t\t\t\t\t\t\t\t\t\n\n","protected":false},"excerpt":{"rendered":"<p>Mission The Sutton School of Art is a non-profit organization dedicated to the artistic awakening of children through access to various visual arts techniques and epxressions. The Sutton School of Art is a multidisciplinary and intersectoral art center working to bring together artists and children, dedicated to free explorations and artistic presentations through exhibitions, screenings,&hellip;<\/p>\n","protected":false},"author":3,"featured_media":0,"parent":0,"menu_order":10,"comment_status":"closed","ping_status":"closed","template":"","meta":{"footnotes":""},"class_list":["post-3462","page","type-page","status-publish","hentry"],"yoast_head":"<!-- This site is optimized with the Yoast SEO plugin v27.5 - https:\/\/yoast.com\/product\/yoast-seo-wordpress\/ -->\n<title>About us - \u00c9cole d\u2019art de Sutton<\/title>\n<meta name=\"description\" content=\"The Sutton school of Art is an non-profit organization dedicated to the artistic awakening of children through access to various visual arts techniques and epxressions.\" \/>\n<meta name=\"robots\" content=\"index, follow, max-snippet:-1, max-image-preview:large, max-video-preview:-1\" \/>\n<link rel=\"canonical\" href=\"https:\/\/ecoleartsutton.ca\/en\/about-us\/\" \/>\n<meta property=\"og:locale\" content=\"en_US\" \/>\n<meta property=\"og:type\" content=\"article\" \/>\n<meta property=\"og:title\" content=\"About us - \u00c9cole d\u2019art de Sutton\" \/>\n<meta property=\"og:description\" content=\"The Sutton school of Art is an non-profit organization dedicated to the artistic awakening of children through access to various visual arts techniques and epxressions.\" \/>\n<meta property=\"og:url\" content=\"https:\/\/ecoleartsutton.ca\/en\/about-us\/\" \/>\n<meta property=\"og:site_name\" content=\"\u00c9cole d\u2019art de Sutton\" \/>\n<meta property=\"article:modified_time\" content=\"2026-01-31T15:52:16+00:00\" \/>\n<meta property=\"og:image\" content=\"https:\/\/ecoleartsutton.ca\/wp-content\/uploads\/2023\/02\/printempsdelarchitecture-1024x770.jpg\" \/>\n<meta name=\"twitter:card\" content=\"summary_large_image\" \/>\n<meta name=\"twitter:label1\" content=\"Est. reading time\" \/>\n\t<meta name=\"twitter:data1\" content=\"6 minutes\" \/>\n<script type=\"application\/ld+json\" class=\"yoast-schema-graph\">{\"@context\":\"https:\\\/\\\/schema.org\",\"@graph\":[{\"@type\":\"WebPage\",\"@id\":\"https:\\\/\\\/ecoleartsutton.ca\\\/en\\\/about-us\\\/\",\"url\":\"https:\\\/\\\/ecoleartsutton.ca\\\/en\\\/about-us\\\/\",\"name\":\"About us - \u00c9cole d\u2019art de Sutton\",\"isPartOf\":{\"@id\":\"https:\\\/\\\/ecoleartsutton.ca\\\/en\\\/#website\"},\"primaryImageOfPage\":{\"@id\":\"https:\\\/\\\/ecoleartsutton.ca\\\/en\\\/about-us\\\/#primaryimage\"},\"image\":{\"@id\":\"https:\\\/\\\/ecoleartsutton.ca\\\/en\\\/about-us\\\/#primaryimage\"},\"thumbnailUrl\":\"https:\\\/\\\/ecoleartsutton.ca\\\/wp-content\\\/uploads\\\/2020\\\/06\\\/Logo_contour_blanc.png\",\"datePublished\":\"2023-05-17T18:50:07+00:00\",\"dateModified\":\"2026-01-31T15:52:16+00:00\",\"description\":\"The Sutton school of Art is an non-profit organization dedicated to the artistic awakening of children through access to various visual arts techniques and epxressions.\",\"breadcrumb\":{\"@id\":\"https:\\\/\\\/ecoleartsutton.ca\\\/en\\\/about-us\\\/#breadcrumb\"},\"inLanguage\":\"en-US\",\"potentialAction\":[{\"@type\":\"ReadAction\",\"target\":[\"https:\\\/\\\/ecoleartsutton.ca\\\/en\\\/about-us\\\/\"]}]},{\"@type\":\"ImageObject\",\"inLanguage\":\"en-US\",\"@id\":\"https:\\\/\\\/ecoleartsutton.ca\\\/en\\\/about-us\\\/#primaryimage\",\"url\":\"https:\\\/\\\/ecoleartsutton.ca\\\/wp-content\\\/uploads\\\/2020\\\/06\\\/Logo_contour_blanc.png\",\"contentUrl\":\"https:\\\/\\\/ecoleartsutton.ca\\\/wp-content\\\/uploads\\\/2020\\\/06\\\/Logo_contour_blanc.png\"},{\"@type\":\"BreadcrumbList\",\"@id\":\"https:\\\/\\\/ecoleartsutton.ca\\\/en\\\/about-us\\\/#breadcrumb\",\"itemListElement\":[{\"@type\":\"ListItem\",\"position\":1,\"name\":\"Accueil\",\"item\":\"https:\\\/\\\/ecoleartsutton.ca\\\/en\\\/welcome\\\/\"},{\"@type\":\"ListItem\",\"position\":2,\"name\":\"About us\"}]},{\"@type\":\"WebSite\",\"@id\":\"https:\\\/\\\/ecoleartsutton.ca\\\/en\\\/#website\",\"url\":\"https:\\\/\\\/ecoleartsutton.ca\\\/en\\\/\",\"name\":\"\u00c9cole d\u2019art de Sutton\",\"description\":\"\",\"potentialAction\":[{\"@type\":\"SearchAction\",\"target\":{\"@type\":\"EntryPoint\",\"urlTemplate\":\"https:\\\/\\\/ecoleartsutton.ca\\\/en\\\/?s={search_term_string}\"},\"query-input\":{\"@type\":\"PropertyValueSpecification\",\"valueRequired\":true,\"valueName\":\"search_term_string\"}}],\"inLanguage\":\"en-US\"}]}<\/script>\n<!-- \/ Yoast SEO plugin. -->","yoast_head_json":{"title":"About us - \u00c9cole d\u2019art de Sutton","description":"The Sutton school of Art is an non-profit organization dedicated to the artistic awakening of children through access to various visual arts techniques and epxressions.","robots":{"index":"index","follow":"follow","max-snippet":"max-snippet:-1","max-image-preview":"max-image-preview:large","max-video-preview":"max-video-preview:-1"},"canonical":"https:\/\/ecoleartsutton.ca\/en\/about-us\/","og_locale":"en_US","og_type":"article","og_title":"About us - \u00c9cole d\u2019art de Sutton","og_description":"The Sutton school of Art is an non-profit organization dedicated to the artistic awakening of children through access to various visual arts techniques and epxressions.","og_url":"https:\/\/ecoleartsutton.ca\/en\/about-us\/","og_site_name":"\u00c9cole d\u2019art de Sutton","article_modified_time":"2026-01-31T15:52:16+00:00","og_image":[{"url":"https:\/\/ecoleartsutton.ca\/wp-content\/uploads\/2023\/02\/printempsdelarchitecture-1024x770.jpg","type":"","width":"","height":""}],"twitter_card":"summary_large_image","twitter_misc":{"Est. reading time":"6 minutes"},"schema":{"@context":"https:\/\/schema.org","@graph":[{"@type":"WebPage","@id":"https:\/\/ecoleartsutton.ca\/en\/about-us\/","url":"https:\/\/ecoleartsutton.ca\/en\/about-us\/","name":"About us - \u00c9cole d\u2019art de Sutton","isPartOf":{"@id":"https:\/\/ecoleartsutton.ca\/en\/#website"},"primaryImageOfPage":{"@id":"https:\/\/ecoleartsutton.ca\/en\/about-us\/#primaryimage"},"image":{"@id":"https:\/\/ecoleartsutton.ca\/en\/about-us\/#primaryimage"},"thumbnailUrl":"https:\/\/ecoleartsutton.ca\/wp-content\/uploads\/2020\/06\/Logo_contour_blanc.png","datePublished":"2023-05-17T18:50:07+00:00","dateModified":"2026-01-31T15:52:16+00:00","description":"The Sutton school of Art is an non-profit organization dedicated to the artistic awakening of children through access to various visual arts techniques and epxressions.","breadcrumb":{"@id":"https:\/\/ecoleartsutton.ca\/en\/about-us\/#breadcrumb"},"inLanguage":"en-US","potentialAction":[{"@type":"ReadAction","target":["https:\/\/ecoleartsutton.ca\/en\/about-us\/"]}]},{"@type":"ImageObject","inLanguage":"en-US","@id":"https:\/\/ecoleartsutton.ca\/en\/about-us\/#primaryimage","url":"https:\/\/ecoleartsutton.ca\/wp-content\/uploads\/2020\/06\/Logo_contour_blanc.png","contentUrl":"https:\/\/ecoleartsutton.ca\/wp-content\/uploads\/2020\/06\/Logo_contour_blanc.png"},{"@type":"BreadcrumbList","@id":"https:\/\/ecoleartsutton.ca\/en\/about-us\/#breadcrumb","itemListElement":[{"@type":"ListItem","position":1,"name":"Accueil","item":"https:\/\/ecoleartsutton.ca\/en\/welcome\/"},{"@type":"ListItem","position":2,"name":"About us"}]},{"@type":"WebSite","@id":"https:\/\/ecoleartsutton.ca\/en\/#website","url":"https:\/\/ecoleartsutton.ca\/en\/","name":"\u00c9cole d\u2019art de Sutton","description":"","potentialAction":[{"@type":"SearchAction","target":{"@type":"EntryPoint","urlTemplate":"https:\/\/ecoleartsutton.ca\/en\/?s={search_term_string}"},"query-input":{"@type":"PropertyValueSpecification","valueRequired":true,"valueName":"search_term_string"}}],"inLanguage":"en-US"}]}},"_links":{"self":[{"href":"https:\/\/ecoleartsutton.ca\/en\/wp-json\/wp\/v2\/pages\/3462","targetHints":{"allow":["GET"]}}],"collection":[{"href":"https:\/\/ecoleartsutton.ca\/en\/wp-json\/wp\/v2\/pages"}],"about":[{"href":"https:\/\/ecoleartsutton.ca\/en\/wp-json\/wp\/v2\/types\/page"}],"author":[{"embeddable":true,"href":"https:\/\/ecoleartsutton.ca\/en\/wp-json\/wp\/v2\/users\/3"}],"replies":[{"embeddable":true,"href":"https:\/\/ecoleartsutton.ca\/en\/wp-json\/wp\/v2\/comments?post=3462"}],"version-history":[{"count":4,"href":"https:\/\/ecoleartsutton.ca\/en\/wp-json\/wp\/v2\/pages\/3462\/revisions"}],"predecessor-version":[{"id":7345,"href":"https:\/\/ecoleartsutton.ca\/en\/wp-json\/wp\/v2\/pages\/3462\/revisions\/7345"}],"wp:attachment":[{"href":"https:\/\/ecoleartsutton.ca\/en\/wp-json\/wp\/v2\/media?parent=3462"}],"curies":[{"name":"wp","href":"https:\/\/api.w.org\/{rel}","templated":true}]}}